{"id":46138,"date":"2025-10-18T08:00:00","date_gmt":"2025-10-18T06:00:00","guid":{"rendered":"https:\/\/cozy2wear.com\/?post_type=product&#038;p=46138"},"modified":"2026-02-26T13:33:18","modified_gmt":"2026-02-26T12:33:18","slug":"suknje-vrste-dolce-vita-crne","status":"publish","type":"product","link":"https:\/\/cozy2wear.com\/ba\/suknje\/suknja-sorts-dolce-vita-black\/","title":{"rendered":"SUKNJA-\u0160ORTS DOLCE VITA BLACK"},"content":{"rendered":"<p><span style=\"font-weight: 400;\">Dolce Vita suknja-kratke hla\u010de <\/span>kombinira retro \u0161arm i modernu udobnost u jednom komadu koji se isti\u010de u svakoj prilici. Crna baza s klasi\u010dnim krem bijelim \u010dupercima daje profinjeni vintage izgled, dok lepr\u0161avi kroj s volanima donosi da\u0161ak \u017eenstvenosti i pokreta. Ispod volana krije se prakti\u010dan \u0161orc koji omogu\u0107ava potpunu slobodu kretanja - savr\u0161en balans elegancije i udobnosti. Nosite ga s \u010dizmama i kaputom za jesenji \u0161ik ili sa sandalama i torbicom za toplije dane. Dolce Vita suknja-\u0161orc su pravi klasik koji uvijek izgleda promi\u0161ljeno, bez puno truda.<\/p>\n<p>Materijal koji smo odabrali je viskoza 100%. Proizvedeno s ljubavlju u humanim radnim uslovima, s velikom pa\u017enjom posve\u0107enom detaljima, kroju i kvaliteti proizvoda.<\/p>\n<p>Djevojka na fotografiji je visoka 178 cm i nosi veli\u010dinu 36\/38 - za pomo\u0107 pri odabiru veli\u010dina, pogledajte dimenzije proizvoda.<\/p>\n<p>Proizvedeno u Srbiji.<\/p>","protected":false},"excerpt":{"rendered":"<p>Dolce Vita suknja-kratke hla\u010de s \u010dupercima i volanima, inspirirane retro elegancijom. Kombiniraju udobnost kratkih hla\u010da s izgledom suknje za bezvremenski, \u0161ik stil.<\/p>","protected":false},"featured_media":48918,"comment_status":"open","ping_status":"closed","template":"","meta":{"_acf_changed":false},"product_brand":[],"product_cat":[93,194],"product_tag":[269,273,272],"class_list":{"0":"post-46138","1":"product","2":"type-product","3":"status-publish","4":"has-post-thumbnail","6":"product_cat-suknje","7":"product_cat-snizenje","8":"product_tag-100-viskoza","9":"product_tag-fall-25","10":"product_tag-jesen-25","11":"pa_kolekcije-studio","12":"pa_odaberi-velicinu-125","13":"pa_odaberi-velicinu-126","15":"first","16":"outofstock","17":"taxable","18":"shipping-taxable","19":"purchasable","20":"product-type-variable"},"acf":[],"_links":{"self":[{"href":"https:\/\/cozy2wear.com\/ba\/wp-json\/wp\/v2\/product\/46138","targetHints":{"allow":["GET"]}}],"collection":[{"href":"https:\/\/cozy2wear.com\/ba\/wp-json\/wp\/v2\/product"}],"about":[{"href":"https:\/\/cozy2wear.com\/ba\/wp-json\/wp\/v2\/types\/product"}],"replies":[{"embeddable":true,"href":"https:\/\/cozy2wear.com\/ba\/wp-json\/wp\/v2\/comments?post=46138"}],"version-history":[{"count":0,"href":"https:\/\/cozy2wear.com\/ba\/wp-json\/wp\/v2\/product\/46138\/revisions"}],"wp:featuredmedia":[{"embeddable":true,"href":"https:\/\/cozy2wear.com\/ba\/wp-json\/wp\/v2\/media\/48918"}],"wp:attachment":[{"href":"https:\/\/cozy2wear.com\/ba\/wp-json\/wp\/v2\/media?parent=46138"}],"wp:term":[{"taxonomy":"product_brand","embeddable":true,"href":"https:\/\/cozy2wear.com\/ba\/wp-json\/wp\/v2\/product_brand?post=46138"},{"taxonomy":"product_cat","embeddable":true,"href":"https:\/\/cozy2wear.com\/ba\/wp-json\/wp\/v2\/product_cat?post=46138"},{"taxonomy":"product_tag","embeddable":true,"href":"https:\/\/cozy2wear.com\/ba\/wp-json\/wp\/v2\/product_tag?post=46138"}],"curies":[{"name":"wp","href":"https:\/\/api.w.org\/{rel}","templated":true}]}}