{"id":46181,"date":"2025-10-18T08:00:50","date_gmt":"2025-10-18T06:00:50","guid":{"rendered":"https:\/\/cozy2wear.com\/?post_type=product&#038;p=46181"},"modified":"2026-04-27T00:20:54","modified_gmt":"2026-04-26T22:20:54","slug":"crna-suknja-dolce-vita","status":"publish","type":"product","link":"https:\/\/cozy2wear.com\/ba\/suknje\/suknja-dolce-vita-black\/","title":{"rendered":"SUKNJA DOLCE VITA CRNA"},"content":{"rendered":"<p data-start=\"101\" data-end=\"443\">Dolce Vita Midi suknja s preklopom kombinira lako\u0107u pokreta i eleganciju stila, stvaraju\u0107i savr\u0161enu ravnote\u017eu izme\u0111u klasi\u010dnog i modernog. Crna baza s bijelim \u010dupavim zadnjim dijelom donosi klasi\u010dan, bezvremenski \u0161arm, dok plisirani kroj i kai\u0161 koji se ve\u017ee u struku savr\u0161eno nagla\u0161avaju siluetu. Njen midi kroj s diskretnim prorezom dodaje da\u0161ak senzualnosti, a istovremeno zadr\u017eava sofisticiran izgled. Idealna je za sve prilike, od poslovnih sastanaka do ve\u010dernjih izlazaka, u kombinaciji s ko\u0161uljom, Dolce Vita bluzom ili jednostavnim topom.<\/p>\n<p>Materijal koji smo odabrali je viskoza 100%. Proizvedeno s ljubavlju u humanim radnim uslovima, s velikom pa\u017enjom posve\u0107enom detaljima, kroju i kvaliteti proizvoda.<\/p>\n<p>Djevojka na fotografiji je visoka 178 cm i nosi veli\u010dinu 36\/38 - za pomo\u0107 pri odabiru veli\u010dina, pogledajte dimenzije proizvoda.<\/p>\n<p>Proizvedeno u Srbiji.<\/p>","protected":false},"excerpt":{"rendered":"<p>Dolce Vita plisirana midi suknja s \u010dupercima i pojasom za vezanje u struku. Elegantna, \u017eenstvena i bezvremenska - za sve prilike tokom cijele sezone.<\/p>","protected":false},"featured_media":46226,"comment_status":"open","ping_status":"closed","template":"","meta":{"_acf_changed":false},"product_brand":[],"product_cat":[93,279],"product_tag":[269,273,272],"class_list":{"0":"post-46181","1":"product","2":"type-product","3":"status-publish","4":"has-post-thumbnail","6":"product_cat-suknje","7":"product_cat-outlet","8":"product_tag-100-viskoza","9":"product_tag-fall-25","10":"product_tag-jesen-25","11":"pa_kolekcije-studio","12":"pa_odaberi-velicinu-125","13":"pa_odaberi-velicinu-126","14":"pa_odaberi-velicinu-131","16":"first","17":"instock","18":"sale","19":"taxable","20":"shipping-taxable","21":"purchasable","22":"product-type-variable"},"acf":[],"_links":{"self":[{"href":"https:\/\/cozy2wear.com\/ba\/wp-json\/wp\/v2\/product\/46181","targetHints":{"allow":["GET"]}}],"collection":[{"href":"https:\/\/cozy2wear.com\/ba\/wp-json\/wp\/v2\/product"}],"about":[{"href":"https:\/\/cozy2wear.com\/ba\/wp-json\/wp\/v2\/types\/product"}],"replies":[{"embeddable":true,"href":"https:\/\/cozy2wear.com\/ba\/wp-json\/wp\/v2\/comments?post=46181"}],"version-history":[{"count":0,"href":"https:\/\/cozy2wear.com\/ba\/wp-json\/wp\/v2\/product\/46181\/revisions"}],"wp:featuredmedia":[{"embeddable":true,"href":"https:\/\/cozy2wear.com\/ba\/wp-json\/wp\/v2\/media\/46226"}],"wp:attachment":[{"href":"https:\/\/cozy2wear.com\/ba\/wp-json\/wp\/v2\/media?parent=46181"}],"wp:term":[{"taxonomy":"product_brand","embeddable":true,"href":"https:\/\/cozy2wear.com\/ba\/wp-json\/wp\/v2\/product_brand?post=46181"},{"taxonomy":"product_cat","embeddable":true,"href":"https:\/\/cozy2wear.com\/ba\/wp-json\/wp\/v2\/product_cat?post=46181"},{"taxonomy":"product_tag","embeddable":true,"href":"https:\/\/cozy2wear.com\/ba\/wp-json\/wp\/v2\/product_tag?post=46181"}],"curies":[{"name":"wp","href":"https:\/\/api.w.org\/{rel}","templated":true}]}}