{"id":46194,"date":"2025-10-18T08:00:01","date_gmt":"2025-10-18T06:00:01","guid":{"rendered":"https:\/\/cozy2wear.com\/?post_type=product&#038;p=46194"},"modified":"2026-04-23T13:14:52","modified_gmt":"2026-04-23T11:14:52","slug":"dolce-vita-prljavo-bijela-suknja","status":"publish","type":"product","link":"https:\/\/cozy2wear.com\/ba\/outlet\/suknja-dolce-vita-off-white\/","title":{"rendered":"SUKNJA DOLCE VITA BIJELA"},"content":{"rendered":"<p data-start=\"101\" data-end=\"443\">Dolce Vita Midi Flap suknja kombinira lako\u0107u pokreta i eleganciju stila, stvaraju\u0107i savr\u0161enu ravnote\u017eu izme\u0111u klasi\u010dnog i modernog. Krem bijela baza s crnim \u010dupercima donosi klasi\u010dan, bezvremenski \u0161arm, dok plisirani kroj i kai\u0161 koji se ve\u017ee u struku savr\u0161eno nagla\u0161avaju siluetu. Njen midi kroj s diskretnim prorezom dodaje da\u0161ak senzualnosti, a istovremeno zadr\u017eava sofisticiran izgled. Idealna je za sve prilike, od poslovnih sastanaka do ve\u010dernjih izlazaka, u kombinaciji s ko\u0161uljom, Dolce Vita bluzom ili jednostavnim topom.<\/p>\n<p>Materijal koji smo odabrali je viskoza 100%. Proizvedeno s ljubavlju u humanim radnim uslovima, s velikom pa\u017enjom posve\u0107enom detaljima, kroju i kvaliteti proizvoda.<\/p>\n<p>Djevojka na fotografiji je visoka 178 cm i nosi veli\u010dinu 36\/38 - za pomo\u0107 pri odabiru veli\u010dina, pogledajte dimenzije proizvoda.<\/p>\n<p>Proizvedeno u Srbiji.<\/p>","protected":false},"excerpt":{"rendered":"<p>Dolce Vita plisirana midi suknja s \u010dupercima i pojasom za vezanje u struku. Elegantna, \u017eenstvena i bezvremenska - za sve prilike tokom cijele sezone.<\/p>","protected":false},"featured_media":46199,"comment_status":"open","ping_status":"closed","template":"","meta":{"_acf_changed":false},"product_brand":[],"product_cat":[279,93],"product_tag":[269,273,272],"class_list":{"0":"post-46194","1":"product","2":"type-product","3":"status-publish","4":"has-post-thumbnail","6":"product_cat-outlet","7":"product_cat-suknje","8":"product_tag-100-viskoza","9":"product_tag-fall-25","10":"product_tag-jesen-25","11":"pa_kolekcije-studio","12":"pa_odaberi-velicinu-125","13":"pa_odaberi-velicinu-126","14":"pa_odaberi-velicinu-131","16":"first","17":"instock","18":"sale","19":"taxable","20":"shipping-taxable","21":"purchasable","22":"product-type-variable"},"acf":[],"_links":{"self":[{"href":"https:\/\/cozy2wear.com\/ba\/wp-json\/wp\/v2\/product\/46194","targetHints":{"allow":["GET"]}}],"collection":[{"href":"https:\/\/cozy2wear.com\/ba\/wp-json\/wp\/v2\/product"}],"about":[{"href":"https:\/\/cozy2wear.com\/ba\/wp-json\/wp\/v2\/types\/product"}],"replies":[{"embeddable":true,"href":"https:\/\/cozy2wear.com\/ba\/wp-json\/wp\/v2\/comments?post=46194"}],"version-history":[{"count":0,"href":"https:\/\/cozy2wear.com\/ba\/wp-json\/wp\/v2\/product\/46194\/revisions"}],"wp:featuredmedia":[{"embeddable":true,"href":"https:\/\/cozy2wear.com\/ba\/wp-json\/wp\/v2\/media\/46199"}],"wp:attachment":[{"href":"https:\/\/cozy2wear.com\/ba\/wp-json\/wp\/v2\/media?parent=46194"}],"wp:term":[{"taxonomy":"product_brand","embeddable":true,"href":"https:\/\/cozy2wear.com\/ba\/wp-json\/wp\/v2\/product_brand?post=46194"},{"taxonomy":"product_cat","embeddable":true,"href":"https:\/\/cozy2wear.com\/ba\/wp-json\/wp\/v2\/product_cat?post=46194"},{"taxonomy":"product_tag","embeddable":true,"href":"https:\/\/cozy2wear.com\/ba\/wp-json\/wp\/v2\/product_tag?post=46194"}],"curies":[{"name":"wp","href":"https:\/\/api.w.org\/{rel}","templated":true}]}}