{"id":46217,"date":"2025-10-18T08:00:14","date_gmt":"2025-10-18T06:00:14","guid":{"rendered":"https:\/\/cozy2wear.com\/?post_type=product&#038;p=46217"},"modified":"2026-02-26T13:30:33","modified_gmt":"2026-02-26T12:30:33","slug":"bluza-dolce-vita-crna","status":"publish","type":"product","link":"https:\/\/cozy2wear.com\/ba\/majice\/dug-rukav\/bluza-dolce-vita-black\/","title":{"rendered":"BLUZA DOLCE VITA CRNA"},"content":{"rendered":"<p data-start=\"82\" data-end=\"396\">S detaljima poput nabranih rukava i man\u017eeta na dugmad, bluza Dolce Vita odi\u0161e klasi\u010dnom i bezvremenskom elegancijom. U crnoj boji s mekim krem bijelim \u010dupercima, ovaj model posti\u017ee savr\u0161enu ravnote\u017eu izme\u0111u sofisticiranog i razigranog stila. Ma\u0161na na kragni daje poseban retro \u0161arm, dok lagani materijal ugodno pada i osigurava udobnost tokom cijelog dana. Lako se kombinira s <a href=\"https:\/\/cozy2wear.com\/ba\/?post_type=product&amp;p=46181&amp;preview=true\">suknja<\/a> ili <a href=\"https:\/\/cozy2wear.com\/ba\/?post_type=product&amp;p=46138&amp;preview=true\">suknje-kratke hla\u010de<\/a> Dolce Vita, pantalone ili farmerke \u2013 bluza Dolce Vita se prilago\u0111ava svakom trenutku, od poslovnih sastanaka do ve\u010dernjih izlazaka.<\/p>\n<p>Materijal koji smo odabrali je viskoza 100%. Proizvedeno s ljubavlju u humanim radnim uslovima, s velikom pa\u017enjom posve\u0107enom detaljima, kroju i kvaliteti proizvoda.<\/p>\n<p>Djevojka na fotografiji je visoka 178 cm i nosi veli\u010dinu 36\/38 - za pomo\u0107 pri odabiru veli\u010dina, pogledajte dimenzije proizvoda.<\/p>\n<p>Proizvedeno u Srbiji.<\/p>","protected":false},"excerpt":{"rendered":"<p>Krem bijela Dolce Vita bluza s crnim \u010dupercima i kragnom na vezivanje. Elegantna, lagana i \u017eenstvena - savr\u0161ena kombinacija klasi\u010dnog i modernog stila.<\/p>","protected":false},"featured_media":48911,"comment_status":"open","ping_status":"closed","template":"","meta":{"_acf_changed":false},"product_brand":[],"product_cat":[84,86,75],"product_tag":[269,273,272],"class_list":{"0":"post-46217","1":"product","2":"type-product","3":"status-publish","4":"has-post-thumbnail","6":"product_cat-dug-rukav","7":"product_cat-kosulje","8":"product_cat-majice","9":"product_tag-100-viskoza","10":"product_tag-fall-25","11":"product_tag-jesen-25","12":"pa_kolekcije-studio","13":"pa_odaberi-velicinu-125","14":"pa_odaberi-velicinu-126","15":"pa_odaberi-velicinu-131","17":"first","18":"outofstock","19":"taxable","20":"shipping-taxable","21":"purchasable","22":"product-type-variable"},"acf":[],"_links":{"self":[{"href":"https:\/\/cozy2wear.com\/ba\/wp-json\/wp\/v2\/product\/46217","targetHints":{"allow":["GET"]}}],"collection":[{"href":"https:\/\/cozy2wear.com\/ba\/wp-json\/wp\/v2\/product"}],"about":[{"href":"https:\/\/cozy2wear.com\/ba\/wp-json\/wp\/v2\/types\/product"}],"replies":[{"embeddable":true,"href":"https:\/\/cozy2wear.com\/ba\/wp-json\/wp\/v2\/comments?post=46217"}],"version-history":[{"count":0,"href":"https:\/\/cozy2wear.com\/ba\/wp-json\/wp\/v2\/product\/46217\/revisions"}],"wp:featuredmedia":[{"embeddable":true,"href":"https:\/\/cozy2wear.com\/ba\/wp-json\/wp\/v2\/media\/48911"}],"wp:attachment":[{"href":"https:\/\/cozy2wear.com\/ba\/wp-json\/wp\/v2\/media?parent=46217"}],"wp:term":[{"taxonomy":"product_brand","embeddable":true,"href":"https:\/\/cozy2wear.com\/ba\/wp-json\/wp\/v2\/product_brand?post=46217"},{"taxonomy":"product_cat","embeddable":true,"href":"https:\/\/cozy2wear.com\/ba\/wp-json\/wp\/v2\/product_cat?post=46217"},{"taxonomy":"product_tag","embeddable":true,"href":"https:\/\/cozy2wear.com\/ba\/wp-json\/wp\/v2\/product_tag?post=46217"}],"curies":[{"name":"wp","href":"https:\/\/api.w.org\/{rel}","templated":true}]}}