{"id":46232,"date":"2025-10-18T08:00:10","date_gmt":"2025-10-18T06:00:10","guid":{"rendered":"https:\/\/cozy2wear.com\/?post_type=product&#038;p=46232"},"modified":"2026-04-30T16:44:39","modified_gmt":"2026-04-30T14:44:39","slug":"svijetlosiva-majica","status":"publish","type":"product","link":"https:\/\/cozy2wear.com\/ba\/majice\/bez-rukava\/majica-laganini-dark-grey\/","title":{"rendered":"MAJICA NA BRETELE LAGANINI DARK GREY"},"content":{"rendered":"<p>Majica na bretele Laganini od 50% Lyocella (Tencel\u00ae) i 50% Modala je oli\u010denje jednostavnosti i lako\u0107e. Sa elegantnim V-izrezom i tankim bretelama, ovaj model spaja minimalizam i sofisticiranost u svakodnevnom izdanju. Prozra\u010dan, svilenkast materijal prijatan je na ko\u017ei i idealan za sve prilike, dok opu\u0161ten kroj pru\u017ea potpunu slobodu pokreta.<\/p>\n<p>Liocel (Tencel\u00ae) je napredno vlakno proizvedeno od biorazgradivog materijala, ta\u010dnije od celuloze eukaliptusa, i zbog svojih prirodnih svojstava kao i metoda obrade, pogodan je materijal za okolinu. Vrlo je ugodan u kontaktu s ko\u017eom, tkanina je vrlo prozra\u010dna i odli\u010dno upija znoj i vlagu. Tako\u0111er je odli\u010dan materijal za sve s osjetljivom ko\u017eom. Modal je celulozno vlakno, sli\u010dno viskozi, samo ne\u0161to mek\u0161e.<\/p>\n<p>Djevojka na fotografiji je visoka 178 cm i nosi veli\u010dinu 36\/38.<\/p>\n<p>Proizvedeno u Srbiji.<\/p>","protected":false},"excerpt":{"rendered":"<p data-start=\"693\" data-end=\"813\">Majica na bretele Laganini od od 50% Lyocella (Tencel\u00ae) i 50% Modala sa V-izrezom i tankim bretelama. Laka, meka i elegantna \u2013 savr\u0161ena za svaki dan i svaku kombinaciju.<\/p>","protected":false},"featured_media":46238,"comment_status":"open","ping_status":"closed","template":"","meta":{"_acf_changed":false},"product_brand":[],"product_cat":[85,75],"product_tag":[],"class_list":{"0":"post-46232","1":"product","2":"type-product","3":"status-publish","4":"has-post-thumbnail","6":"product_cat-bez-rukava","7":"product_cat-majice","8":"pa_kolekcije-studio","9":"pa_odaberi-velicinu-125","10":"pa_odaberi-velicinu-126","12":"first","13":"instock","14":"taxable","15":"shipping-taxable","16":"purchasable","17":"product-type-variable"},"acf":[],"_links":{"self":[{"href":"https:\/\/cozy2wear.com\/ba\/wp-json\/wp\/v2\/product\/46232","targetHints":{"allow":["GET"]}}],"collection":[{"href":"https:\/\/cozy2wear.com\/ba\/wp-json\/wp\/v2\/product"}],"about":[{"href":"https:\/\/cozy2wear.com\/ba\/wp-json\/wp\/v2\/types\/product"}],"replies":[{"embeddable":true,"href":"https:\/\/cozy2wear.com\/ba\/wp-json\/wp\/v2\/comments?post=46232"}],"version-history":[{"count":0,"href":"https:\/\/cozy2wear.com\/ba\/wp-json\/wp\/v2\/product\/46232\/revisions"}],"wp:featuredmedia":[{"embeddable":true,"href":"https:\/\/cozy2wear.com\/ba\/wp-json\/wp\/v2\/media\/46238"}],"wp:attachment":[{"href":"https:\/\/cozy2wear.com\/ba\/wp-json\/wp\/v2\/media?parent=46232"}],"wp:term":[{"taxonomy":"product_brand","embeddable":true,"href":"https:\/\/cozy2wear.com\/ba\/wp-json\/wp\/v2\/product_brand?post=46232"},{"taxonomy":"product_cat","embeddable":true,"href":"https:\/\/cozy2wear.com\/ba\/wp-json\/wp\/v2\/product_cat?post=46232"},{"taxonomy":"product_tag","embeddable":true,"href":"https:\/\/cozy2wear.com\/ba\/wp-json\/wp\/v2\/product_tag?post=46232"}],"curies":[{"name":"wp","href":"https:\/\/api.w.org\/{rel}","templated":true}]}}