{"id":46332,"date":"2026-02-17T08:00:49","date_gmt":"2026-02-17T07:00:49","guid":{"rendered":"https:\/\/cozy2wear.com\/?post_type=product&#038;p=46332"},"modified":"2026-04-23T16:27:52","modified_gmt":"2026-04-23T14:27:52","slug":"farmerke-sirokog-kroja","status":"publish","type":"product","link":"https:\/\/cozy2wear.com\/ba\/novo\/farmerke-loose-fit\/","title":{"rendered":"FARMERKE LOOSE FIT"},"content":{"rendered":"<p>\u0160iroke farmerke pru\u017eaju savr\u0161enu ravnote\u017eu izme\u0111u udobnosti i stila. Visoki struk nagla\u0161ava siluetu, dok ravan kroj i blago \u0161iroke nogavice pru\u017eaju osje\u0107aj slobode kretanja. Prorez na dnu ih isti\u010de, a mekani pamu\u010dni denim 100% daje im autenti\u010dan ugodan osje\u0107aj.<br data-start=\"721\" data-end=\"724\" \/>Idealne za svaki dan, od jutarnje kafe do ve\u010dernjeg izlaska. Kombinujte ih sa udobnim majicama s kapulja\u010dom, predimenzioniranim ko\u0161uljama ili pamu\u010dnim osnovnim majicama za potpuni, bezvremenski izgled.<\/p>\n<p>Materijal koji smo odabrali je pamuk 100%. Proizveden s ljubavlju u humanim radnim uvjetima, s velikom pa\u017enjom posve\u0107enom detaljima, kroju i kvaliteti proizvoda.<\/p>\n<p>Brineta na fotografiji je visoka 178cm i nosi veli\u010dinu 40, plava devojka je visoka 172cm i nosi veli\u010dinu 36 \u2013 za pomo\u0107 u odabiru veli\u010dina pogledajte dimenzije proizvoda.<\/p>\n<p>Proizvedeno u Srbiji.<\/p>","protected":false},"excerpt":{"rendered":"<p data-start=\"152\" data-end=\"414\">\u0160iroke farmerke, udobne i savr\u0161enog kroja, one koje uvijek nosite uz top, ko\u0161ulju ili preveliki d\u017eemper. Izra\u0111ene od kvalitetnog pamuka s blagim pro\u0161irenjem na dnu nogavica, za taj le\u017eerni izgled koji ide uz sve.<\/p>","protected":false},"featured_media":51823,"comment_status":"open","ping_status":"closed","template":"","meta":{"_acf_changed":false},"product_brand":[],"product_cat":[76,281,89],"product_tag":[],"class_list":{"0":"post-46332","1":"product","2":"type-product","3":"status-publish","4":"has-post-thumbnail","6":"product_cat-novo","7":"product_cat-bestsellers","8":"product_cat-farmerke","9":"pa_kolekcije-basic","10":"pa_odaberi-velicinu-282","11":"pa_odaberi-velicinu-283","12":"pa_odaberi-velicinu-284","13":"pa_odaberi-velicinu-285","14":"pa_odaberi-velicinu-286","15":"pa_odaberi-velicinu-287","16":"pa_odaberi-velicinu-335","18":"first","19":"instock","20":"taxable","21":"shipping-taxable","22":"purchasable","23":"product-type-variable"},"acf":[],"_links":{"self":[{"href":"https:\/\/cozy2wear.com\/ba\/wp-json\/wp\/v2\/product\/46332","targetHints":{"allow":["GET"]}}],"collection":[{"href":"https:\/\/cozy2wear.com\/ba\/wp-json\/wp\/v2\/product"}],"about":[{"href":"https:\/\/cozy2wear.com\/ba\/wp-json\/wp\/v2\/types\/product"}],"replies":[{"embeddable":true,"href":"https:\/\/cozy2wear.com\/ba\/wp-json\/wp\/v2\/comments?post=46332"}],"version-history":[{"count":0,"href":"https:\/\/cozy2wear.com\/ba\/wp-json\/wp\/v2\/product\/46332\/revisions"}],"wp:featuredmedia":[{"embeddable":true,"href":"https:\/\/cozy2wear.com\/ba\/wp-json\/wp\/v2\/media\/51823"}],"wp:attachment":[{"href":"https:\/\/cozy2wear.com\/ba\/wp-json\/wp\/v2\/media?parent=46332"}],"wp:term":[{"taxonomy":"product_brand","embeddable":true,"href":"https:\/\/cozy2wear.com\/ba\/wp-json\/wp\/v2\/product_brand?post=46332"},{"taxonomy":"product_cat","embeddable":true,"href":"https:\/\/cozy2wear.com\/ba\/wp-json\/wp\/v2\/product_cat?post=46332"},{"taxonomy":"product_tag","embeddable":true,"href":"https:\/\/cozy2wear.com\/ba\/wp-json\/wp\/v2\/product_tag?post=46332"}],"curies":[{"name":"wp","href":"https:\/\/api.w.org\/{rel}","templated":true}]}}