{"id":46351,"date":"2025-10-28T14:00:09","date_gmt":"2025-10-28T13:00:09","guid":{"rendered":"https:\/\/cozy2wear.com\/?post_type=product&#038;p=46351"},"modified":"2026-04-17T18:24:19","modified_gmt":"2026-04-17T16:24:19","slug":"uske-farmerke","status":"publish","type":"product","link":"https:\/\/cozy2wear.com\/ba\/farmerke\/farmerke-skinny-fit\/","title":{"rendered":"Uske farmerke"},"content":{"rendered":"<p>Skinny Fit farmerke u sivoj boji donose minimalisti\u010dki izgled koji ide uz sve. Zahvaljuju\u0107i visokom struku i elasti\u010dnom traperu, oblikuju siluetu, a istovremeno pru\u017eaju slobodu i udobnost tokom cijelog dana. Bezvremenski kroj koji nagla\u0161ava figuru i klju\u010dni je komad svake garderobe. Jednostavne, a efektne farmerke koje uvijek izgledaju dobro.<\/p>\n<p>Materijal koji smo odabrali je pamuk 99% i elastan 1%. Proizvedeno s ljubavlju u humanim radnim uvjetima, s velikom pa\u017enjom posve\u0107enom detaljima, kroju i kvaliteti proizvoda.<\/p>\n<p>Djevojka na fotografiji je visoka 178 cm i nosi veli\u010dinu 36 - za pomo\u0107 pri odabiru veli\u010dina, pogledajte dimenzije proizvoda.<\/p>\n<p>Proizvedeno u Srbiji.<\/p>","protected":false},"excerpt":{"rendered":"<p data-start=\"168\" data-end=\"350\">Udobne, moderne i savr\u0161enog oblika. Skinny Fit farmerke prate konture tijela i pru\u017eaju potpunu udobnost uz mekani, rastezljivi denim koji se prilago\u0111ava svakom pokretu.<\/p>","protected":false},"featured_media":52124,"comment_status":"open","ping_status":"closed","template":"","meta":{"_acf_changed":false},"product_brand":[],"product_cat":[89,90],"product_tag":[],"class_list":{"0":"post-46351","1":"product","2":"type-product","3":"status-publish","4":"has-post-thumbnail","6":"product_cat-farmerke","7":"product_cat-pantalone","8":"pa_kolekcije-basic","9":"pa_odaberi-velicinu-282","10":"pa_odaberi-velicinu-283","11":"pa_odaberi-velicinu-284","12":"pa_odaberi-velicinu-285","13":"pa_odaberi-velicinu-286","14":"pa_odaberi-velicinu-287","16":"first","17":"instock","18":"sale","19":"taxable","20":"shipping-taxable","21":"purchasable","22":"product-type-variable"},"acf":[],"_links":{"self":[{"href":"https:\/\/cozy2wear.com\/ba\/wp-json\/wp\/v2\/product\/46351","targetHints":{"allow":["GET"]}}],"collection":[{"href":"https:\/\/cozy2wear.com\/ba\/wp-json\/wp\/v2\/product"}],"about":[{"href":"https:\/\/cozy2wear.com\/ba\/wp-json\/wp\/v2\/types\/product"}],"replies":[{"embeddable":true,"href":"https:\/\/cozy2wear.com\/ba\/wp-json\/wp\/v2\/comments?post=46351"}],"version-history":[{"count":0,"href":"https:\/\/cozy2wear.com\/ba\/wp-json\/wp\/v2\/product\/46351\/revisions"}],"wp:featuredmedia":[{"embeddable":true,"href":"https:\/\/cozy2wear.com\/ba\/wp-json\/wp\/v2\/media\/52124"}],"wp:attachment":[{"href":"https:\/\/cozy2wear.com\/ba\/wp-json\/wp\/v2\/media?parent=46351"}],"wp:term":[{"taxonomy":"product_brand","embeddable":true,"href":"https:\/\/cozy2wear.com\/ba\/wp-json\/wp\/v2\/product_brand?post=46351"},{"taxonomy":"product_cat","embeddable":true,"href":"https:\/\/cozy2wear.com\/ba\/wp-json\/wp\/v2\/product_cat?post=46351"},{"taxonomy":"product_tag","embeddable":true,"href":"https:\/\/cozy2wear.com\/ba\/wp-json\/wp\/v2\/product_tag?post=46351"}],"curies":[{"name":"wp","href":"https:\/\/api.w.org\/{rel}","templated":true}]}}