{"id":46373,"date":"2025-10-18T08:00:09","date_gmt":"2025-10-18T06:00:09","guid":{"rendered":"https:\/\/cozy2wear.com\/?post_type=product&#038;p=46373"},"modified":"2026-04-06T08:55:19","modified_gmt":"2026-04-06T06:55:19","slug":"hlace-hamptons-od-pikea-tamno-sive-boje","status":"publish","type":"product","link":"https:\/\/cozy2wear.com\/ba\/pantalone\/pantalone-hamptons-pique-dark-grey\/","title":{"rendered":"HLA\u010cE HAMPTONS PIQUE TAMNO SIVE"},"content":{"rendered":"<p>Sportsko elegantne pamu\u010dne hla\u010de koje prilikom no\u0161enja stvaraju osje\u0107aj no\u0161enja trenerke, a istovremeno se mogu nositi na posao i u izlaske. S ravnim, opu\u0161tenim krojem, bo\u010dnim d\u017eepovima, te zatvara\u010dem na patentni zatvara\u010d i elasti\u010dnim pojasom, idealne su za sve koji vole udobnost i \u017eele izgledati elegantno. Zahvaljuju\u0107i \u0161irokom kroju, mogu se nositi s majicom i patikama za le\u017eeran izgled ili s ko\u0161uljom i cipelama za ne\u0161to sofisticiraniji izgled.<\/p>\n<p>Materijal koji smo odabrali je mekana pamu\u010dna podstava 100% s finom <i>ljutnja<\/i> tekstura. Mo\u017ee se nositi u svim godi\u0161njim dobima. Proizvedeno s ljubavlju u humanim radnim uslovima, s velikom pa\u017enjom posve\u0107enom detaljima, kroju i kvaliteti proizvoda.<\/p>\n<p>Djevojka na fotografiji je visoka 178 cm i nosi veli\u010dinu 36\/38 - za pomo\u0107 pri odabiru veli\u010dina, pogledajte dimenzije proizvoda.<\/p>\n<p>Proizvedeno u Srbiji.<\/p>","protected":false},"excerpt":{"rendered":"<p data-start=\"154\" data-end=\"353\">Hamptons pike hla\u010de sportsko-\u0161ik hla\u010de od pamuka 100% koje kombiniraju udobnost trenerke s izgledom poslovnog odjevnog predmeta. Mekano krzno s pike teksturom pru\u017ea ugodan osje\u0107aj tijekom cijele godine.<\/p>","protected":false},"featured_media":48916,"comment_status":"open","ping_status":"closed","template":"","meta":{"_acf_changed":false},"product_brand":[],"product_cat":[90],"product_tag":[],"class_list":{"0":"post-46373","1":"product","2":"type-product","3":"status-publish","4":"has-post-thumbnail","6":"product_cat-pantalone","7":"pa_kolekcije-studio","8":"pa_odaberi-velicinu-241","9":"pa_odaberi-velicinu-125","10":"pa_odaberi-velicinu-126","11":"pa_odaberi-velicinu-131","13":"first","14":"outofstock","15":"taxable","16":"shipping-taxable","17":"purchasable","18":"product-type-variable"},"acf":[],"_links":{"self":[{"href":"https:\/\/cozy2wear.com\/ba\/wp-json\/wp\/v2\/product\/46373","targetHints":{"allow":["GET"]}}],"collection":[{"href":"https:\/\/cozy2wear.com\/ba\/wp-json\/wp\/v2\/product"}],"about":[{"href":"https:\/\/cozy2wear.com\/ba\/wp-json\/wp\/v2\/types\/product"}],"replies":[{"embeddable":true,"href":"https:\/\/cozy2wear.com\/ba\/wp-json\/wp\/v2\/comments?post=46373"}],"version-history":[{"count":0,"href":"https:\/\/cozy2wear.com\/ba\/wp-json\/wp\/v2\/product\/46373\/revisions"}],"wp:featuredmedia":[{"embeddable":true,"href":"https:\/\/cozy2wear.com\/ba\/wp-json\/wp\/v2\/media\/48916"}],"wp:attachment":[{"href":"https:\/\/cozy2wear.com\/ba\/wp-json\/wp\/v2\/media?parent=46373"}],"wp:term":[{"taxonomy":"product_brand","embeddable":true,"href":"https:\/\/cozy2wear.com\/ba\/wp-json\/wp\/v2\/product_brand?post=46373"},{"taxonomy":"product_cat","embeddable":true,"href":"https:\/\/cozy2wear.com\/ba\/wp-json\/wp\/v2\/product_cat?post=46373"},{"taxonomy":"product_tag","embeddable":true,"href":"https:\/\/cozy2wear.com\/ba\/wp-json\/wp\/v2\/product_tag?post=46373"}],"curies":[{"name":"wp","href":"https:\/\/api.w.org\/{rel}","templated":true}]}}