{"id":47299,"date":"2025-11-18T15:00:23","date_gmt":"2025-11-18T14:00:23","guid":{"rendered":"https:\/\/cozy2wear.com\/?post_type=product&#038;p=47299"},"modified":"2026-02-17T09:21:15","modified_gmt":"2026-02-17T08:21:15","slug":"pleteni-dzemper-maslinaste-boje","status":"publish","type":"product","link":"https:\/\/cozy2wear.com\/ba\/dzemperi\/dzemper-knitted-olive\/","title":{"rendered":"PLETENI D\u017dEMPER MASLINASTE BOJE"},"content":{"rendered":"<p data-start=\"177\" data-end=\"426\">Pleteni d\u017eemper je stvoren za one trenutke kada \u017eelite biti topli, udobni i lijepi, sve u jednom. Predimenzionirani kroj lagano pada, daju\u0107i vam taj le\u017eerni, udobni izgled koji volite, dok rebrasti rukavi dodaju da\u0161ak sofisticiranosti i strukture. Kra\u0107i je sprijeda, a du\u017ei straga.<\/p>\n<p>Napravljeno od pamuka 100%. Proizvedeno s ljubavlju u humanim radnim uslovima, s velikom pa\u017enjom posve\u0107enom detaljima, kroju i kvaliteti proizvoda.<\/p>\n<p>Djevojka na fotografiji je visoka 170 cm.<\/p>\n<p>Proizvedeno u Srbiji.<\/p>","protected":false},"excerpt":{"rendered":"<p>D\u017eemper pleten od pamu\u010dnog \u017eerseja 100%. Mekan, prevelik, savr\u0161en za svaki dan, udoban i elegantan.<\/p>","protected":false},"featured_media":47318,"comment_status":"open","ping_status":"closed","template":"","meta":{"_acf_changed":false},"product_brand":[],"product_cat":[295],"product_tag":[296,297],"class_list":{"0":"post-47299","1":"product","2":"type-product","3":"status-publish","4":"has-post-thumbnail","6":"product_cat-dzemperi","7":"product_tag-fall-winter-25","8":"product_tag-trikotaza","9":"pa_kolekcije-knitted","10":"pa_odaberi-velicinu-one-size","12":"first","13":"outofstock","14":"taxable","15":"shipping-taxable","16":"purchasable","17":"product-type-variable"},"acf":[],"_links":{"self":[{"href":"https:\/\/cozy2wear.com\/ba\/wp-json\/wp\/v2\/product\/47299","targetHints":{"allow":["GET"]}}],"collection":[{"href":"https:\/\/cozy2wear.com\/ba\/wp-json\/wp\/v2\/product"}],"about":[{"href":"https:\/\/cozy2wear.com\/ba\/wp-json\/wp\/v2\/types\/product"}],"replies":[{"embeddable":true,"href":"https:\/\/cozy2wear.com\/ba\/wp-json\/wp\/v2\/comments?post=47299"}],"version-history":[{"count":0,"href":"https:\/\/cozy2wear.com\/ba\/wp-json\/wp\/v2\/product\/47299\/revisions"}],"wp:featuredmedia":[{"embeddable":true,"href":"https:\/\/cozy2wear.com\/ba\/wp-json\/wp\/v2\/media\/47318"}],"wp:attachment":[{"href":"https:\/\/cozy2wear.com\/ba\/wp-json\/wp\/v2\/media?parent=47299"}],"wp:term":[{"taxonomy":"product_brand","embeddable":true,"href":"https:\/\/cozy2wear.com\/ba\/wp-json\/wp\/v2\/product_brand?post=47299"},{"taxonomy":"product_cat","embeddable":true,"href":"https:\/\/cozy2wear.com\/ba\/wp-json\/wp\/v2\/product_cat?post=47299"},{"taxonomy":"product_tag","embeddable":true,"href":"https:\/\/cozy2wear.com\/ba\/wp-json\/wp\/v2\/product_tag?post=47299"}],"curies":[{"name":"wp","href":"https:\/\/api.w.org\/{rel}","templated":true}]}}