{"id":47540,"date":"2025-11-18T15:02:05","date_gmt":"2025-11-18T14:02:05","guid":{"rendered":"https:\/\/cozy2wear.com\/?post_type=product&#038;p=47540"},"modified":"2026-02-17T09:11:24","modified_gmt":"2026-02-17T08:11:24","slug":"pletena-kapa","status":"publish","type":"product","link":"https:\/\/cozy2wear.com\/ba\/modni-dodaci\/kape-i-sesiri\/kapa-knitted-sand\/","title":{"rendered":"PLETENI PJE\u0160\u010cANI \u0160E\u0160IR"},"content":{"rendered":"<p>Pletena kapa je savr\u0161en modni dodatak za sve va\u0161e zimske i prelazne kombinacije, jednostavna, topla i napravljena da odgovara svakom stilu. Rebrasta struktura omogu\u0107ava \u010dvrsto prianjanje, daju\u0107i joj meko\u0107u i prepoznatljivu ugodnu estetiku koju volite, dok mekano pletivo nje\u017eno obavija va\u0161u glavu bez osje\u0107aja stezanja. Idealna je za hladne \u0161etnje, jutarnje poslove, putovanja ili kao moderan dodatak svakodnevnim odjevnim kombinacijama.<\/p>\n<p>Napravljeno od pamuka 100%. Proizvedeno s ljubavlju u humanim radnim uslovima, s velikom pa\u017enjom posve\u0107enom detaljima i kvaliteti proizvoda.<\/p>\n<p>Proizvedeno u Srbiji.<\/p>","protected":false},"excerpt":{"rendered":"<p>Pletena kapa od pamu\u010dnog pletiva 100%. Mekana, rebrasta, ugodno prianjaju\u0107a i podi\u017ee svaki ugodan izgled. Idealna je za hladne \u0161etnje, jutarnje poslove, putovanja ili kao moderan dodatak svakodnevnim odjevnim kombinacijama.<\/p>","protected":false},"featured_media":47553,"comment_status":"open","ping_status":"closed","template":"","meta":{"_acf_changed":false},"product_brand":[],"product_cat":[298,102,96],"product_tag":[296,297],"class_list":{"0":"post-47540","1":"product","2":"type-product","3":"status-publish","4":"has-post-thumbnail","6":"product_cat-gift-shop","7":"product_cat-kape-i-sesiri","8":"product_cat-modni-dodaci","9":"product_tag-fall-winter-25","10":"product_tag-trikotaza","11":"pa_kolekcije-knitted","12":"pa_odaberi-velicinu-one-size","14":"first","15":"outofstock","16":"taxable","17":"shipping-taxable","18":"purchasable","19":"product-type-variable"},"acf":[],"_links":{"self":[{"href":"https:\/\/cozy2wear.com\/ba\/wp-json\/wp\/v2\/product\/47540","targetHints":{"allow":["GET"]}}],"collection":[{"href":"https:\/\/cozy2wear.com\/ba\/wp-json\/wp\/v2\/product"}],"about":[{"href":"https:\/\/cozy2wear.com\/ba\/wp-json\/wp\/v2\/types\/product"}],"replies":[{"embeddable":true,"href":"https:\/\/cozy2wear.com\/ba\/wp-json\/wp\/v2\/comments?post=47540"}],"version-history":[{"count":0,"href":"https:\/\/cozy2wear.com\/ba\/wp-json\/wp\/v2\/product\/47540\/revisions"}],"wp:featuredmedia":[{"embeddable":true,"href":"https:\/\/cozy2wear.com\/ba\/wp-json\/wp\/v2\/media\/47553"}],"wp:attachment":[{"href":"https:\/\/cozy2wear.com\/ba\/wp-json\/wp\/v2\/media?parent=47540"}],"wp:term":[{"taxonomy":"product_brand","embeddable":true,"href":"https:\/\/cozy2wear.com\/ba\/wp-json\/wp\/v2\/product_brand?post=47540"},{"taxonomy":"product_cat","embeddable":true,"href":"https:\/\/cozy2wear.com\/ba\/wp-json\/wp\/v2\/product_cat?post=47540"},{"taxonomy":"product_tag","embeddable":true,"href":"https:\/\/cozy2wear.com\/ba\/wp-json\/wp\/v2\/product_tag?post=47540"}],"curies":[{"name":"wp","href":"https:\/\/api.w.org\/{rel}","templated":true}]}}