{"id":47629,"date":"2025-11-18T15:03:24","date_gmt":"2025-11-18T14:03:24","guid":{"rendered":"https:\/\/cozy2wear.com\/?post_type=product&#038;p=47629"},"modified":"2026-02-17T09:10:43","modified_gmt":"2026-02-17T08:10:43","slug":"pleteni-kardigan-maslinaste-boje","status":"publish","type":"product","link":"https:\/\/cozy2wear.com\/ba\/kardigan\/kardigan-knitted-olive\/","title":{"rendered":"PLETENI KARDIGAN MASLINASTE BOJE"},"content":{"rendered":"<p data-start=\"153\" data-end=\"438\">Pleteni kardigan je komad odje\u0107e koji unosi \u010distu udobnost i bezvremensku jednostavnost u va\u0161 svakodnevni \u017eivot. Ravan, opu\u0161ten kroj \u010dini ga idealnim za slojevito no\u0161enje, dok du\u017eina kardigana vizualno izdu\u017euje siluetu i pru\u017ea dodatnu udobnost. Mo\u017eete ga nositi preko majice, d\u017eempera ili cijelog pletenog seta, za udobne odjevne kombinacije kod ku\u0107e, u \u0161etnjama, na putovanjima ili le\u017eerne dnevne kombinacije.<\/p>\n<p>Napravljeno od pamuka 100%. Proizvedeno s ljubavlju u humanim radnim uslovima, s velikom pa\u017enjom posve\u0107enom detaljima i kvaliteti proizvoda.<\/p>\n<p>Djevojka na fotografiji je visoka 170 cm.<\/p>\n<p>Proizvedeno u Srbiji.<\/p>","protected":false},"excerpt":{"rendered":"<p data-start=\"995\" data-end=\"1137\">Pleteni kardigan od pamu\u010dnog pletiva 100%, ravnog i opu\u0161tenog kroja, mekan, topao i savr\u0161en za slojevito no\u0161enje. Pru\u017ea meko\u0107u i minimalisti\u010dki izgled koji se savr\u0161eno uklapa u svaki stil.<\/p>","protected":false},"featured_media":47633,"comment_status":"open","ping_status":"closed","template":"","meta":{"_acf_changed":false},"product_brand":[],"product_cat":[122],"product_tag":[296,297],"class_list":{"0":"post-47629","1":"product","2":"type-product","3":"status-publish","4":"has-post-thumbnail","6":"product_cat-kardigan","7":"product_tag-fall-winter-25","8":"product_tag-trikotaza","9":"pa_kolekcije-knitted","10":"pa_odaberi-velicinu-one-size","12":"first","13":"outofstock","14":"taxable","15":"shipping-taxable","16":"purchasable","17":"product-type-variable"},"acf":[],"_links":{"self":[{"href":"https:\/\/cozy2wear.com\/ba\/wp-json\/wp\/v2\/product\/47629","targetHints":{"allow":["GET"]}}],"collection":[{"href":"https:\/\/cozy2wear.com\/ba\/wp-json\/wp\/v2\/product"}],"about":[{"href":"https:\/\/cozy2wear.com\/ba\/wp-json\/wp\/v2\/types\/product"}],"replies":[{"embeddable":true,"href":"https:\/\/cozy2wear.com\/ba\/wp-json\/wp\/v2\/comments?post=47629"}],"version-history":[{"count":0,"href":"https:\/\/cozy2wear.com\/ba\/wp-json\/wp\/v2\/product\/47629\/revisions"}],"wp:featuredmedia":[{"embeddable":true,"href":"https:\/\/cozy2wear.com\/ba\/wp-json\/wp\/v2\/media\/47633"}],"wp:attachment":[{"href":"https:\/\/cozy2wear.com\/ba\/wp-json\/wp\/v2\/media?parent=47629"}],"wp:term":[{"taxonomy":"product_brand","embeddable":true,"href":"https:\/\/cozy2wear.com\/ba\/wp-json\/wp\/v2\/product_brand?post=47629"},{"taxonomy":"product_cat","embeddable":true,"href":"https:\/\/cozy2wear.com\/ba\/wp-json\/wp\/v2\/product_cat?post=47629"},{"taxonomy":"product_tag","embeddable":true,"href":"https:\/\/cozy2wear.com\/ba\/wp-json\/wp\/v2\/product_tag?post=47629"}],"curies":[{"name":"wp","href":"https:\/\/api.w.org\/{rel}","templated":true}]}}