{"id":47645,"date":"2025-11-18T15:04:38","date_gmt":"2025-11-18T14:04:38","guid":{"rendered":"https:\/\/cozy2wear.com\/?post_type=product&#038;p=47645"},"modified":"2026-02-17T09:10:23","modified_gmt":"2026-02-17T08:10:23","slug":"sal-ogrtac-pleteni-crni","status":"publish","type":"product","link":"https:\/\/cozy2wear.com\/ba\/modni-dodaci\/marame-i-salovi\/sal-ogrtac-knitted-black\/","title":{"rendered":"\u0160AL-KAPUT PLETENI CRNI"},"content":{"rendered":"<p>Pleteni \u0161al-pearl je komad koji svaku zimsku i jesenju odjevnu kombinaciju podi\u017ee na vi\u0161i nivo. Dimenzije \u0161ala su prilago\u0111ene tako da ga mo\u017eete nositi na nekoliko na\u010dina - preba\u010den preko ramena poput pelerine, kao klasi\u010dni \u0161al oko vrata ili kao upe\u010datljiv modni dodatak preko kaputa. Mekana struktura i \u010dist dizajn \u010dine ga idealnim za svaki dan, putovanja ili \u0161etnje.<\/p>\n<p>Napravljeno od pamuka 100%. Proizvedeno s ljubavlju u humanim radnim uslovima, s velikom pa\u017enjom posve\u0107enom detaljima i kvaliteti proizvoda.<\/p>\n<p>Proizvedeno u Srbiji.<\/p>","protected":false},"excerpt":{"rendered":"<p data-start=\"995\" data-end=\"1137\">\u0160al Pleten u obliku ogrta\u010da, izra\u0111en od pamu\u010dnog pletiva 100%. Jednostavan, elegantan, izuzetno mekan i savr\u0161en za svaku kombinaciju.<\/p>","protected":false},"featured_media":47650,"comment_status":"open","ping_status":"closed","template":"","meta":{"_acf_changed":false},"product_brand":[],"product_cat":[298,103,96],"product_tag":[296,297],"class_list":{"0":"post-47645","1":"product","2":"type-product","3":"status-publish","4":"has-post-thumbnail","6":"product_cat-gift-shop","7":"product_cat-marame-i-salovi","8":"product_cat-modni-dodaci","9":"product_tag-fall-winter-25","10":"product_tag-trikotaza","11":"pa_kolekcije-knitted","12":"pa_odaberi-velicinu-one-size","14":"first","15":"outofstock","16":"taxable","17":"shipping-taxable","18":"purchasable","19":"product-type-variable"},"acf":[],"_links":{"self":[{"href":"https:\/\/cozy2wear.com\/ba\/wp-json\/wp\/v2\/product\/47645","targetHints":{"allow":["GET"]}}],"collection":[{"href":"https:\/\/cozy2wear.com\/ba\/wp-json\/wp\/v2\/product"}],"about":[{"href":"https:\/\/cozy2wear.com\/ba\/wp-json\/wp\/v2\/types\/product"}],"replies":[{"embeddable":true,"href":"https:\/\/cozy2wear.com\/ba\/wp-json\/wp\/v2\/comments?post=47645"}],"version-history":[{"count":0,"href":"https:\/\/cozy2wear.com\/ba\/wp-json\/wp\/v2\/product\/47645\/revisions"}],"wp:featuredmedia":[{"embeddable":true,"href":"https:\/\/cozy2wear.com\/ba\/wp-json\/wp\/v2\/media\/47650"}],"wp:attachment":[{"href":"https:\/\/cozy2wear.com\/ba\/wp-json\/wp\/v2\/media?parent=47645"}],"wp:term":[{"taxonomy":"product_brand","embeddable":true,"href":"https:\/\/cozy2wear.com\/ba\/wp-json\/wp\/v2\/product_brand?post=47645"},{"taxonomy":"product_cat","embeddable":true,"href":"https:\/\/cozy2wear.com\/ba\/wp-json\/wp\/v2\/product_cat?post=47645"},{"taxonomy":"product_tag","embeddable":true,"href":"https:\/\/cozy2wear.com\/ba\/wp-json\/wp\/v2\/product_tag?post=47645"}],"curies":[{"name":"wp","href":"https:\/\/api.w.org\/{rel}","templated":true}]}}