{"id":51505,"date":"2026-02-17T08:02:06","date_gmt":"2026-02-17T07:02:06","guid":{"rendered":"https:\/\/cozy2wear.com\/?post_type=product&#038;p=51505"},"modified":"2026-02-27T10:36:56","modified_gmt":"2026-02-27T09:36:56","slug":"trenerka-april-no-2-melange","status":"publish","type":"product","link":"https:\/\/cozy2wear.com\/ba\/trenerke\/trenerka-april-no-2-melange\/","title":{"rendered":"TRENERKA APRIL NO.2 MELANGE"},"content":{"rendered":"<p>Trenerka April br. 2 je \u0161iroka trenerka ravnog kroja od organskog pamuka sa d\u017eepovima sa strane i elasti\u010dnim pojasom sa pri\u0161ivenom etiketom. Nabor u sredini i prorez sa strane daju joj poseban pe\u010dat. Izuzetno udobna i laka za kombinovanje.<\/p>\n<p>Materijal koji smo odabrali je mekana podstava od organskog pamuka 100%. Mo\u017ee se nositi u svim godi\u0161njim dobima. Proizvedeno s ljubavlju u humanim radnim uvjetima, s velikom pa\u017enjom posve\u0107enom detaljima, kroju i kvaliteti proizvoda.<\/p>\n<p>Brineta na fotografiji je visoka 178cm i nosi veli\u010dinu 36\/38 TALL, plava devojka na fotografiji je visoka 172cm i nosi veli\u010dinu 36\/38 REGULAR &#8211; za pomo\u0107 u odabiru veli\u010dina pogledajte dimenzije proizvoda.<\/p>\n<p>Proizvedeno u Srbiji.<\/p>","protected":false},"excerpt":{"rendered":"<p>Trenerka April br. 2 je \u0161iroka trenerka ravnog kroja od organskog pamuka sa d\u017eepovima sa strane i elasti\u010dnim pojasom sa pri\u0161ivenom etiketom. Nabor u sredini i prorez sa strane daju joj poseban pe\u010dat. Izuzetno udobna i laka za kombinovanje.<\/p>","protected":false},"featured_media":51513,"comment_status":"open","ping_status":"closed","template":"","meta":{"_acf_changed":false},"product_brand":[],"product_cat":[88,76],"product_tag":[266,273,272],"class_list":{"0":"post-51505","1":"product","2":"type-product","3":"status-publish","4":"has-post-thumbnail","6":"product_cat-trenerke","7":"product_cat-novo","8":"product_tag-100-pamuk","9":"product_tag-fall-25","10":"product_tag-jesen-25","11":"pa_kolekcije-basic","12":"pa_odaberi-velicinu-125","13":"pa_odaberi-velicinu-3638tall","14":"pa_odaberi-velicinu-126","15":"pa_odaberi-velicinu-4042tall","16":"pa_odaberi-velicinu-131","17":"pa_odaberi-velicinu-4446tall","19":"first","20":"outofstock","21":"taxable","22":"shipping-taxable","23":"purchasable","24":"product-type-variable"},"acf":[],"_links":{"self":[{"href":"https:\/\/cozy2wear.com\/ba\/wp-json\/wp\/v2\/product\/51505","targetHints":{"allow":["GET"]}}],"collection":[{"href":"https:\/\/cozy2wear.com\/ba\/wp-json\/wp\/v2\/product"}],"about":[{"href":"https:\/\/cozy2wear.com\/ba\/wp-json\/wp\/v2\/types\/product"}],"replies":[{"embeddable":true,"href":"https:\/\/cozy2wear.com\/ba\/wp-json\/wp\/v2\/comments?post=51505"}],"version-history":[{"count":0,"href":"https:\/\/cozy2wear.com\/ba\/wp-json\/wp\/v2\/product\/51505\/revisions"}],"wp:featuredmedia":[{"embeddable":true,"href":"https:\/\/cozy2wear.com\/ba\/wp-json\/wp\/v2\/media\/51513"}],"wp:attachment":[{"href":"https:\/\/cozy2wear.com\/ba\/wp-json\/wp\/v2\/media?parent=51505"}],"wp:term":[{"taxonomy":"product_brand","embeddable":true,"href":"https:\/\/cozy2wear.com\/ba\/wp-json\/wp\/v2\/product_brand?post=51505"},{"taxonomy":"product_cat","embeddable":true,"href":"https:\/\/cozy2wear.com\/ba\/wp-json\/wp\/v2\/product_cat?post=51505"},{"taxonomy":"product_tag","embeddable":true,"href":"https:\/\/cozy2wear.com\/ba\/wp-json\/wp\/v2\/product_tag?post=51505"}],"curies":[{"name":"wp","href":"https:\/\/api.w.org\/{rel}","templated":true}]}}