{"id":51535,"date":"2026-02-17T08:03:44","date_gmt":"2026-02-17T07:03:44","guid":{"rendered":"https:\/\/cozy2wear.com\/?post_type=product&#038;p=51535"},"modified":"2026-04-21T12:10:51","modified_gmt":"2026-04-21T10:10:51","slug":"duks-jakna-boyfriend-black","status":"publish","type":"product","link":"https:\/\/cozy2wear.com\/ba\/duksevi\/duks-jakna-boyfriend-black\/","title":{"rendered":"DUKS JAKNA BOYFRIEND BLACK"},"content":{"rendered":"<p data-start=\"0\" data-end=\"238\">Duks jakna Boyfriend &#8211; zip hoodie oversized kroja, ali koji i dalje lepo prati liniju tela, spu\u0161tenih ramena i blago \u0161irih rukava koji obla\u010di\u0161 jednom i vi\u0161e ga ne skida\u0161. \ud83d\ude42 Metalni rajsfer\u0161lus, kapulja\u010da i prakti\u010dni d\u017eepovi dodaju urbani karakter i funkcionalnost, dok minimalisti\u010dki dizajn omogu\u0107ava lako kombinovanje, od helanki i trenerki do farmerki ili suknje za kontrastni, edgy look. Bezvremenski, udoban i jednostavan komad koji se nosi bez razmi\u0161ljanja i uvek.<\/p>\n<p><span style=\"font-weight: 400;\">Materijal koji smo odabrali je mekani pamu\u010dni futer od 100% pamuka, ni predebeo ni pretanak, a bru\u0161en sa lica za ultimativni Cozy vibe. Mo\u017ee da se\u00a0 nosi u svim godi\u0161njim dobima. Sa ljubavlju proizvedena pri humanim uslovima rada, i sa velikom pa\u017enjom posve\u0107enom detaljima, kroju i kvalitetu proizvoda.\u00a0<\/span><\/p>\n<p>Djevojka na fotografiji je visoka 172 cm i nosi veli\u010dinu 36\/38 - za pomo\u0107 pri odabiru veli\u010dina, pogledajte dimenzije proizvoda.<\/p>\n<p><span style=\"font-weight: 400;\">Proizvedeno u Srbiji.<\/span><\/p>\n<p>&nbsp;<\/p>","protected":false},"excerpt":{"rendered":"<article class=\"text-token-text-primary w-full focus:outline-none [--shadow-height:45px] has-data-writing-block:pointer-events-none has-data-writing-block:-mt-(--shadow-height) has-data-writing-block:pt-(--shadow-height) [&amp;:has([data-writing-block])&gt;*]:pointer-events-auto scroll-mt-(--header-height)\" dir=\"auto\" tabindex=\"-1\" data-turn-id=\"4e54818e-bdc2-45e0-afe3-9a076079ce98\" data-testid=\"conversation-turn-13\" data-scroll-anchor=\"false\" data-turn=\"user\"><\/article>\n<article class=\"text-token-text-primary w-full focus:outline-none [--shadow-height:45px] has-data-writing-block:pointer-events-none has-data-writing-block:-mt-(--shadow-height) has-data-writing-block:pt-(--shadow-height) [&amp;:has([data-writing-block])&gt;*]:pointer-events-auto scroll-mt-[calc(var(--header-height)+min(200px,max(70px,20svh)))]\" dir=\"auto\" tabindex=\"-1\" data-turn-id=\"request-WEB:13ec3d21-d6e2-4ddf-9b46-142c050196b8-6\" data-testid=\"conversation-turn-14\" data-scroll-anchor=\"true\" data-turn=\"assistant\">\n<div class=\"text-base my-auto mx-auto pb-10 [--thread-content-margin:--spacing(4)] @w-sm\/main:[--thread-content-margin:--spacing(6)] @w-lg\/main:[--thread-content-margin:--spacing(16)] px-(--thread-content-margin)\">\n<div class=\"[--thread-content-max-width:40rem] @w-lg\/main:[--thread-content-max-width:48rem] mx-auto max-w-(--thread-content-max-width) flex-1 group\/turn-messages focus-visible:outline-hidden relative flex w-full min-w-0 flex-col agent-turn\" tabindex=\"-1\">\n<div class=\"flex max-w-full flex-col grow\">\n<div class=\"min-h-8 text-message relative flex w-full flex-col items-end gap-2 text-start break-words whitespace-normal [.text-message+&amp;]:mt-1\" dir=\"auto\" data-message-author-role=\"assistant\" data-message-id=\"cd4b1a5b-ab90-4c1d-8878-3d33a87f0880\" data-message-model-slug=\"gpt-5-2\">\n<div class=\"flex w-full flex-col gap-1 empty:hidden first:pt-[1px]\">\n<div class=\"markdown prose dark:prose-invert w-full wrap-break-word dark markdown-new-styling\">\n<p data-start=\"0\" data-end=\"252\" data-is-last-node=\"\" data-is-only-node=\"\">Duks jakna Boyfriend je oversized zip hoodie koji ne\u017eno prati liniju tela. Sa spu\u0161tenim ramenima, kapulja\u010dom i prakti\u010dnim d\u017eepovima, pru\u017ea maksimalnu udobnost i urbani stil. Lako se kombinuje uz svaki outfit i postaje komad koji nosi\u0161 bez razmi\u0161ljanja.<\/p>\n<\/div>\n<\/div>\n<\/div>\n<\/div>\n<\/div>\n<\/div>\n<\/article>\n","protected":false},"featured_media":51543,"comment_status":"open","ping_status":"closed","template":"","meta":{"_acf_changed":false},"product_brand":[],"product_cat":[87,76],"product_tag":[],"class_list":{"0":"post-51535","1":"product","2":"type-product","3":"status-publish","4":"has-post-thumbnail","6":"product_cat-duksevi","7":"product_cat-novo","8":"pa_kolekcije-basic","9":"pa_odaberi-velicinu-125","10":"pa_odaberi-velicinu-126","11":"pa_odaberi-velicinu-131","13":"first","14":"instock","15":"taxable","16":"shipping-taxable","17":"purchasable","18":"product-type-variable"},"acf":[],"_links":{"self":[{"href":"https:\/\/cozy2wear.com\/ba\/wp-json\/wp\/v2\/product\/51535","targetHints":{"allow":["GET"]}}],"collection":[{"href":"https:\/\/cozy2wear.com\/ba\/wp-json\/wp\/v2\/product"}],"about":[{"href":"https:\/\/cozy2wear.com\/ba\/wp-json\/wp\/v2\/types\/product"}],"replies":[{"embeddable":true,"href":"https:\/\/cozy2wear.com\/ba\/wp-json\/wp\/v2\/comments?post=51535"}],"version-history":[{"count":0,"href":"https:\/\/cozy2wear.com\/ba\/wp-json\/wp\/v2\/product\/51535\/revisions"}],"wp:featuredmedia":[{"embeddable":true,"href":"https:\/\/cozy2wear.com\/ba\/wp-json\/wp\/v2\/media\/51543"}],"wp:attachment":[{"href":"https:\/\/cozy2wear.com\/ba\/wp-json\/wp\/v2\/media?parent=51535"}],"wp:term":[{"taxonomy":"product_brand","embeddable":true,"href":"https:\/\/cozy2wear.com\/ba\/wp-json\/wp\/v2\/product_brand?post=51535"},{"taxonomy":"product_cat","embeddable":true,"href":"https:\/\/cozy2wear.com\/ba\/wp-json\/wp\/v2\/product_cat?post=51535"},{"taxonomy":"product_tag","embeddable":true,"href":"https:\/\/cozy2wear.com\/ba\/wp-json\/wp\/v2\/product_tag?post=51535"}],"curies":[{"name":"wp","href":"https:\/\/api.w.org\/{rel}","templated":true}]}}