{"id":51613,"date":"2026-02-17T08:06:23","date_gmt":"2026-02-17T07:06:23","guid":{"rendered":"https:\/\/cozy2wear.com\/?post_type=product&#038;p=51613"},"modified":"2026-04-30T22:58:10","modified_gmt":"2026-04-30T20:58:10","slug":"majica-neo-organic-cream","status":"publish","type":"product","link":"https:\/\/cozy2wear.com\/ba\/majice\/majica-neo-organic-cream\/","title":{"rendered":"MAJICA NEO ORGANIC CREAM"},"content":{"rendered":"<p data-start=\"0\" data-end=\"246\">Majica Neo je nova, kratka verzija na\u0161e prepoznatljive majice Noa. Isti kroj koji volite, sada prilago\u0111en toplijim danima. Izra\u0111ena od 100% organskog pamuka, zadr\u017eava usku siluetu i \u017eenstveni, blago zaobljeni izrez nazad koji lepo prati liniju tela. Minimalisti\u010dki dizajn i diskretna COZY etiketa na le\u0111ima daju joj prepoznatljiv potpis brenda, dok mekani, prijatan materijal obezbe\u0111uje udobnost tokom celog dana. Majica Neo je savr\u0161ena kao samostalan komad uz pantalone, \u0161orts\u2013suknju ili farmerke, ali i kao lagani basic ispod sakoa ili jakne. Bezvremenska, prakti\u010dna i lako uklopiva \u2013 letnja verzija modela koji ve\u0107 volite.<\/p>\n<p>Materijal koji smo odabrali je najmek\u0161i organski pamu\u010dni piling 100%, koji se obi\u010dno koristi za dje\u010dje bodije, jer va\u0161a ko\u017ea zaslu\u017euje najbolje. Mo\u017ee se nositi u svim godi\u0161njim dobima. Proizvedeno s ljubavlju u humanim radnim uvjetima, s velikom pa\u017enjom posve\u0107enom detaljima, kroju i kvaliteti proizvoda.<\/p>\n<p>Devojka na fotografiji je visoka 178cm i nosi veli\u010dinu 36\/38 &#8211; za pomo\u0107 u odabiru veli\u010dina pogledajte dimenzije proizvoda.<\/p>\n<p>Proizvedeno u Srbiji.<\/p>","protected":false},"excerpt":{"rendered":"<p>Majica Neo je nova, kratka verzija na\u0161e prepoznatljive majice Noa. Isti kroj koji volite, sada prilago\u0111en toplijim danima. Izra\u0111ena od 100% organskog pamuka, zadr\u017eava usku siluetu i \u017eenstveni, blago zaobljeni izrez nazad koji lepo prati liniju tela.<\/p>","protected":false},"featured_media":51631,"comment_status":"open","ping_status":"closed","template":"","meta":{"_acf_changed":false},"product_brand":[],"product_cat":[75,83,76],"product_tag":[],"class_list":{"0":"post-51613","1":"product","2":"type-product","3":"status-publish","4":"has-post-thumbnail","6":"product_cat-majice","7":"product_cat-kratak-rukav","8":"product_cat-novo","9":"pa_kolekcije-basic","10":"pa_kolekcije-organic","11":"pa_odaberi-velicinu-241","12":"pa_odaberi-velicinu-125","13":"pa_odaberi-velicinu-126","14":"pa_odaberi-velicinu-131","16":"first","17":"instock","18":"taxable","19":"shipping-taxable","20":"purchasable","21":"product-type-variable"},"acf":[],"_links":{"self":[{"href":"https:\/\/cozy2wear.com\/ba\/wp-json\/wp\/v2\/product\/51613","targetHints":{"allow":["GET"]}}],"collection":[{"href":"https:\/\/cozy2wear.com\/ba\/wp-json\/wp\/v2\/product"}],"about":[{"href":"https:\/\/cozy2wear.com\/ba\/wp-json\/wp\/v2\/types\/product"}],"replies":[{"embeddable":true,"href":"https:\/\/cozy2wear.com\/ba\/wp-json\/wp\/v2\/comments?post=51613"}],"version-history":[{"count":0,"href":"https:\/\/cozy2wear.com\/ba\/wp-json\/wp\/v2\/product\/51613\/revisions"}],"wp:featuredmedia":[{"embeddable":true,"href":"https:\/\/cozy2wear.com\/ba\/wp-json\/wp\/v2\/media\/51631"}],"wp:attachment":[{"href":"https:\/\/cozy2wear.com\/ba\/wp-json\/wp\/v2\/media?parent=51613"}],"wp:term":[{"taxonomy":"product_brand","embeddable":true,"href":"https:\/\/cozy2wear.com\/ba\/wp-json\/wp\/v2\/product_brand?post=51613"},{"taxonomy":"product_cat","embeddable":true,"href":"https:\/\/cozy2wear.com\/ba\/wp-json\/wp\/v2\/product_cat?post=51613"},{"taxonomy":"product_tag","embeddable":true,"href":"https:\/\/cozy2wear.com\/ba\/wp-json\/wp\/v2\/product_tag?post=51613"}],"curies":[{"name":"wp","href":"https:\/\/api.w.org\/{rel}","templated":true}]}}