{"id":51711,"date":"2026-02-17T08:00:03","date_gmt":"2026-02-17T07:00:03","guid":{"rendered":"https:\/\/cozy2wear.com\/?post_type=product&#038;p=51711"},"modified":"2026-04-25T13:14:30","modified_gmt":"2026-04-25T11:14:30","slug":"farmerke-mom-fit","status":"publish","type":"product","link":"https:\/\/cozy2wear.com\/ba\/novo\/farmerke-mom-fit\/","title":{"rendered":"FARMERKE MOM FIT"},"content":{"rendered":"<article class=\"text-token-text-primary w-full focus:outline-none [--shadow-height:45px] has-data-writing-block:pointer-events-none has-data-writing-block:-mt-(--shadow-height) has-data-writing-block:pt-(--shadow-height) [&amp;:has([data-writing-block])&gt;*]:pointer-events-auto scroll-mt-(--header-height)\" dir=\"auto\" tabindex=\"-1\" data-turn-id=\"32f64af4-0a9f-4c4c-9ac7-f00ce4905c71\" data-testid=\"conversation-turn-49\" data-scroll-anchor=\"false\" data-turn=\"user\"><\/article>\n<article class=\"text-token-text-primary w-full focus:outline-none [--shadow-height:45px] has-data-writing-block:pointer-events-none has-data-writing-block:-mt-(--shadow-height) has-data-writing-block:pt-(--shadow-height) [&amp;:has([data-writing-block])&gt;*]:pointer-events-auto scroll-mt-[calc(var(--header-height)+min(200px,max(70px,20svh)))]\" dir=\"auto\" tabindex=\"-1\" data-turn-id=\"request-698da313-2f0c-8387-81ae-df6e28995135-9\" data-testid=\"conversation-turn-50\" data-scroll-anchor=\"false\" data-turn=\"assistant\">\n<div class=\"text-base my-auto mx-auto [--thread-content-margin:--spacing(4)] @w-sm\/main:[--thread-content-margin:--spacing(6)] @w-lg\/main:[--thread-content-margin:--spacing(16)] px-(--thread-content-margin)\">\n<div class=\"[--thread-content-max-width:40rem] @w-lg\/main:[--thread-content-max-width:48rem] mx-auto max-w-(--thread-content-max-width) flex-1 group\/turn-messages focus-visible:outline-hidden relative flex w-full min-w-0 flex-col agent-turn\" tabindex=\"-1\">\n<div class=\"flex max-w-full flex-col grow\">\n<div class=\"min-h-8 text-message relative flex w-full flex-col items-end gap-2 text-start break-words whitespace-normal [.text-message+&amp;]:mt-1\" dir=\"auto\" data-message-author-role=\"assistant\" data-message-id=\"47afbe14-b0e1-45f2-868c-ebc28381802d\" data-message-model-slug=\"gpt-5-2\">\n<div class=\"flex w-full flex-col gap-1 empty:hidden first:pt-[1px]\">\n<div class=\"markdown prose dark:prose-invert w-full wrap-break-word dark markdown-new-styling\">\n<p data-start=\"0\" data-end=\"253\">Farmerke Mom Fit inspiri\u00adsane su bezvremenom retro siluetom koja nikada ne izlazi iz mode. Visok struk lepo oblikuje figuru i daje \u017eenstvenu liniju, dok opu\u0161teniji kroj oko kukova i blago su\u017eene nogavice stvaraju prepoznatljiv, non\u0161alantan mom izgled. Izra\u0111ene od 100% pamuka, imaju autenti\u010dnu strukturu pravog denima i onaj prirodan, pomalo vintage karakter koji se nosi iz sezone u sezonu. Savr\u0161ene su za svakodnevne kombinacije, uz pamu\u010dne basic majice, Cozy dukseve ili sako za sofisticiraniji kontrast. Model koji deluje spontano, a uvek izgleda stilizovano.<\/p>\n<\/div>\n<\/div>\n<\/div>\n<\/div>\n<\/div>\n<\/div>\n<\/article>\n<p>Materijal koji smo odabrali je 100% pamuk. Sa ljubavlju proizvedena pri humanim uslovima rada, i sa velikom pa\u017enjom posve\u0107enom detaljima, kroju i kvalitetu proizvoda.<\/p>\n<p>Devojka na fotografiji je visoka 178cm i nosi veli\u010dinu 36 \u2013 za pomo\u0107 u odabiru veli\u010dina pogledajte dimenzije proizvoda.<\/p>\n<p>Proizvedeno u Srbiji.<\/p>\n","protected":false},"excerpt":{"rendered":"<p data-start=\"152\" data-end=\"414\">Farmerke Mom Fit visokog struka od 100% pamuka. Retro silueta, blago su\u017eene nogavice i klasi\u010dan denim za bezvremenski, stilizovan izgled.<\/p>","protected":false},"featured_media":51724,"comment_status":"open","ping_status":"closed","template":"","meta":{"_acf_changed":false},"product_brand":[],"product_cat":[76,89],"product_tag":[],"class_list":{"0":"post-51711","1":"product","2":"type-product","3":"status-publish","4":"has-post-thumbnail","6":"product_cat-novo","7":"product_cat-farmerke","8":"pa_kolekcije-basic","9":"pa_odaberi-velicinu-282","10":"pa_odaberi-velicinu-283","11":"pa_odaberi-velicinu-284","12":"pa_odaberi-velicinu-285","13":"pa_odaberi-velicinu-286","14":"pa_odaberi-velicinu-287","15":"pa_odaberi-velicinu-335","17":"first","18":"instock","19":"taxable","20":"shipping-taxable","21":"purchasable","22":"product-type-variable"},"acf":[],"_links":{"self":[{"href":"https:\/\/cozy2wear.com\/ba\/wp-json\/wp\/v2\/product\/51711","targetHints":{"allow":["GET"]}}],"collection":[{"href":"https:\/\/cozy2wear.com\/ba\/wp-json\/wp\/v2\/product"}],"about":[{"href":"https:\/\/cozy2wear.com\/ba\/wp-json\/wp\/v2\/types\/product"}],"replies":[{"embeddable":true,"href":"https:\/\/cozy2wear.com\/ba\/wp-json\/wp\/v2\/comments?post=51711"}],"version-history":[{"count":0,"href":"https:\/\/cozy2wear.com\/ba\/wp-json\/wp\/v2\/product\/51711\/revisions"}],"wp:featuredmedia":[{"embeddable":true,"href":"https:\/\/cozy2wear.com\/ba\/wp-json\/wp\/v2\/media\/51724"}],"wp:attachment":[{"href":"https:\/\/cozy2wear.com\/ba\/wp-json\/wp\/v2\/media?parent=51711"}],"wp:term":[{"taxonomy":"product_brand","embeddable":true,"href":"https:\/\/cozy2wear.com\/ba\/wp-json\/wp\/v2\/product_brand?post=51711"},{"taxonomy":"product_cat","embeddable":true,"href":"https:\/\/cozy2wear.com\/ba\/wp-json\/wp\/v2\/product_cat?post=51711"},{"taxonomy":"product_tag","embeddable":true,"href":"https:\/\/cozy2wear.com\/ba\/wp-json\/wp\/v2\/product_tag?post=51711"}],"curies":[{"name":"wp","href":"https:\/\/api.w.org\/{rel}","templated":true}]}}