{"id":53664,"date":"2026-03-25T08:15:45","date_gmt":"2026-03-25T07:15:45","guid":{"rendered":"https:\/\/cozy2wear.com\/?post_type=product&#038;p=53664"},"modified":"2026-04-15T11:55:38","modified_gmt":"2026-04-15T09:55:38","slug":"pantalone-viscose-ice-cream","status":"publish","type":"product","link":"https:\/\/cozy2wear.com\/ba\/novo\/pantalone-viscose-ice-cream\/","title":{"rendered":"PANTALONE VISCOSE ICE CREAM"},"content":{"rendered":"<p>Pantalone Viscose su pantalone koje obu\u010dete jednom i vi\u0161e ne \u017eelite da ih skinete. Mekane, lepr\u0161ave i toliko prijatne da zaboravi\u0161 da ih ima\u0161 na sebi, a opet izgledaju dovoljno sre\u0111eno za svaki izlazak iz ku\u0107e. Njihov pad prati svaki pokret, daju\u0107i taj opu\u0161ten, \u201ckao trenerka\u201d ose\u0107aj, ali uz siluetu koja izgleda \u017eenstveno, elegantno i ba\u0161 onako <em>effortless<\/em>. \u0160iroke nogavice dodatno izdu\u017euju figuru i daju slobodu koju ne \u017eeli\u0161 da menja\u0161 ni za \u0161ta.<\/p>\n<p>Materijal koji smo odabrali je 96% viskoza i 4% elastana, pletena tako da pru\u017ea dodatnu meko\u0107u, fleksibilnost i prirodan pad. Prozra\u010dan i lagan, idealan je za toplije dane, ali i za slojevito obla\u010denje tokom cele godine. Sa ljubavlju proizvedena pri humanim uslovima rada, i sa velikom pa\u017enjom posve\u0107enom detaljima, kroju i kvalitetu proizvoda.<\/p>\n<p>Devojka na fotografiji je visoka 180cm i nosi veli\u010dinu 36\/38 &#8211; za pomo\u0107 u odabiru veli\u010dina pogledajte dimenzije proizvoda.<\/p>\n<p>Proizvedeno u Srbiji.<\/p>","protected":false},"excerpt":{"rendered":"<p>Pantalone Viscose su pantalone koje obu\u010dete jednom i vi\u0161e ne \u017eelite da ih skinete. Mekane, lepr\u0161ave i toliko prijatne da zaboravi\u0161 da ih ima\u0161 na sebi, a opet izgledaju dovoljno sre\u0111eno za svaki izlazak iz ku\u0107e.<\/p>\n<p><strong>Pantalone nisu porubljene, \u0161to omogu\u0107ava da se lako skrate kroja\u010dkim makazama i prilagode \u017eeljenoj du\u017eini.<\/strong><\/p>","protected":false},"featured_media":54318,"comment_status":"open","ping_status":"closed","template":"","meta":{"_acf_changed":false},"product_brand":[],"product_cat":[76,90],"product_tag":[],"class_list":{"0":"post-53664","1":"product","2":"type-product","3":"status-publish","4":"has-post-thumbnail","6":"product_cat-novo","7":"product_cat-pantalone","8":"pa_kolekcije-loungewear","9":"pa_odaberi-velicinu-125","10":"pa_odaberi-velicinu-126","12":"first","13":"instock","14":"taxable","15":"shipping-taxable","16":"purchasable","17":"product-type-variable"},"acf":[],"_links":{"self":[{"href":"https:\/\/cozy2wear.com\/ba\/wp-json\/wp\/v2\/product\/53664","targetHints":{"allow":["GET"]}}],"collection":[{"href":"https:\/\/cozy2wear.com\/ba\/wp-json\/wp\/v2\/product"}],"about":[{"href":"https:\/\/cozy2wear.com\/ba\/wp-json\/wp\/v2\/types\/product"}],"replies":[{"embeddable":true,"href":"https:\/\/cozy2wear.com\/ba\/wp-json\/wp\/v2\/comments?post=53664"}],"version-history":[{"count":0,"href":"https:\/\/cozy2wear.com\/ba\/wp-json\/wp\/v2\/product\/53664\/revisions"}],"wp:featuredmedia":[{"embeddable":true,"href":"https:\/\/cozy2wear.com\/ba\/wp-json\/wp\/v2\/media\/54318"}],"wp:attachment":[{"href":"https:\/\/cozy2wear.com\/ba\/wp-json\/wp\/v2\/media?parent=53664"}],"wp:term":[{"taxonomy":"product_brand","embeddable":true,"href":"https:\/\/cozy2wear.com\/ba\/wp-json\/wp\/v2\/product_brand?post=53664"},{"taxonomy":"product_cat","embeddable":true,"href":"https:\/\/cozy2wear.com\/ba\/wp-json\/wp\/v2\/product_cat?post=53664"},{"taxonomy":"product_tag","embeddable":true,"href":"https:\/\/cozy2wear.com\/ba\/wp-json\/wp\/v2\/product_tag?post=53664"}],"curies":[{"name":"wp","href":"https:\/\/api.w.org\/{rel}","templated":true}]}}