{"id":53734,"date":"2026-03-25T08:16:11","date_gmt":"2026-03-25T07:16:11","guid":{"rendered":"https:\/\/cozy2wear.com\/?post_type=product&#038;p=53734"},"modified":"2026-04-21T23:23:14","modified_gmt":"2026-04-21T21:23:14","slug":"majica-ari-black","status":"publish","type":"product","link":"https:\/\/cozy2wear.com\/ba\/novo\/majica-ari-black\/","title":{"rendered":"MAJICA ARI BLACK"},"content":{"rendered":"<p>Majica Ari je on majica koja na prvi pogled deluje jednostavno, a zapravo pravi razliku u celom autfitu. Rukav sa faltama daje joj poseban karakter, dok \u010damac izrez omogu\u0107ava da je nosite na vi\u0161e na\u010dina \u2013 klasi\u010dno ili spu\u0161tenu na jedno rame, za opu\u0161teniji i \u017eenstveniji izgled. Lako se kombinuje ali ne izgleda obi\u010dno.<\/p>\n<p>Materijal koji smo odabrali je 96% viskoza i 4% elastana, pletena tako da pru\u017ea dodatnu meko\u0107u, fleksibilnost i prirodan pad. Prozra\u010dan i lagan, idealan je za toplije dane, ali i za slojevito obla\u010denje tokom cele godine. Sa ljubavlju proizvedena pri humanim uslovima rada, i sa velikom pa\u017enjom posve\u0107enom detaljima, kroju i kvalitetu proizvoda.<\/p>\n<p>Devojka na fotografiji je visoka 180cm i nosi veli\u010dinu 36\/38 &#8211; za pomo\u0107 u odabiru veli\u010dina pogledajte dimenzije proizvoda.<\/p>\n<p>Proizvedeno u Srbiji.<\/p>\n<p>&nbsp;<\/p>","protected":false},"excerpt":{"rendered":"<p>Majica Ari je on majica koja na prvi pogled deluje jednostavno, a zapravo pravi razliku u celom autfitu. Rukav sa faltama daje joj poseban karakter, dok \u010damac izrez omogu\u0107ava da je nosite na vi\u0161e na\u010dina \u2013 klasi\u010dno ili spu\u0161tenu na jedno rame, za opu\u0161teniji i \u017eenstveniji izgled. Lako se kombinuje ali ne izgleda obi\u010dno.<\/p>\n<p>&nbsp;<\/p>","protected":false},"featured_media":54296,"comment_status":"open","ping_status":"closed","template":"","meta":{"_acf_changed":false},"product_brand":[],"product_cat":[76,83,75],"product_tag":[],"class_list":{"0":"post-53734","1":"product","2":"type-product","3":"status-publish","4":"has-post-thumbnail","6":"product_cat-novo","7":"product_cat-kratak-rukav","8":"product_cat-majice","9":"pa_kolekcije-loungewear","10":"pa_odaberi-velicinu-125","11":"pa_odaberi-velicinu-126","13":"first","14":"instock","15":"taxable","16":"shipping-taxable","17":"purchasable","18":"product-type-variable"},"acf":[],"_links":{"self":[{"href":"https:\/\/cozy2wear.com\/ba\/wp-json\/wp\/v2\/product\/53734","targetHints":{"allow":["GET"]}}],"collection":[{"href":"https:\/\/cozy2wear.com\/ba\/wp-json\/wp\/v2\/product"}],"about":[{"href":"https:\/\/cozy2wear.com\/ba\/wp-json\/wp\/v2\/types\/product"}],"replies":[{"embeddable":true,"href":"https:\/\/cozy2wear.com\/ba\/wp-json\/wp\/v2\/comments?post=53734"}],"version-history":[{"count":0,"href":"https:\/\/cozy2wear.com\/ba\/wp-json\/wp\/v2\/product\/53734\/revisions"}],"wp:featuredmedia":[{"embeddable":true,"href":"https:\/\/cozy2wear.com\/ba\/wp-json\/wp\/v2\/media\/54296"}],"wp:attachment":[{"href":"https:\/\/cozy2wear.com\/ba\/wp-json\/wp\/v2\/media?parent=53734"}],"wp:term":[{"taxonomy":"product_brand","embeddable":true,"href":"https:\/\/cozy2wear.com\/ba\/wp-json\/wp\/v2\/product_brand?post=53734"},{"taxonomy":"product_cat","embeddable":true,"href":"https:\/\/cozy2wear.com\/ba\/wp-json\/wp\/v2\/product_cat?post=53734"},{"taxonomy":"product_tag","embeddable":true,"href":"https:\/\/cozy2wear.com\/ba\/wp-json\/wp\/v2\/product_tag?post=53734"}],"curies":[{"name":"wp","href":"https:\/\/api.w.org\/{rel}","templated":true}]}}