{"id":53757,"date":"2026-03-25T08:17:02","date_gmt":"2026-03-25T07:17:02","guid":{"rendered":"https:\/\/cozy2wear.com\/?post_type=product&#038;p=53757"},"modified":"2026-04-22T18:27:01","modified_gmt":"2026-04-22T16:27:01","slug":"majica-tank-top-mocha","status":"publish","type":"product","link":"https:\/\/cozy2wear.com\/ba\/novo\/majica-tank-top-mocha\/","title":{"rendered":"MAJICA TANK TOP MOCHA"},"content":{"rendered":"<p>Majica Tank Top na bretele sa otvorenim le\u0111ima spaja sveden izgled i suptilnu \u017eenstvenost. Jednostavna napred, a efektna pozadi, lako se prilago\u0111ava razli\u010ditim prilikama \u2013 od opu\u0161tenih dnevnih do kombinacija uz sako za poslovni stil. U kombinaciji sa Viscose pantalonama daje utisak kompleta, poput laganog, modernog kombinezona koji izgleda sre\u0111eno bez mnogo truda.<\/p>\n<p>Materijal koji smo odabrali je 96% viskoza i 4% elastana, pletena tako da pru\u017ea dodatnu meko\u0107u, fleksibilnost i prirodan pad. Prozra\u010dan i lagan, idealan je za toplije dane, ali i za slojevito obla\u010denje tokom cele godine. Sa ljubavlju proizvedena pri humanim uslovima rada, i sa velikom pa\u017enjom posve\u0107enom detaljima, kroju i kvalitetu proizvoda.<\/p>\n<p>Devojka na fotografiji je visoka 180cm i nosi veli\u010dinu 36\/38 &#8211; za pomo\u0107 u odabiru veli\u010dina pogledajte dimenzije proizvoda.<\/p>\n<p>Proizvedeno u Srbiji.<\/p>\n<p>&nbsp;<\/p>","protected":false},"excerpt":{"rendered":"<p>Majica Tank Top na bretele sa otvorenim le\u0111ima spaja sveden izgled i suptilnu \u017eenstvenost. Jednostavna napred, a efektna pozadi, lako se prilago\u0111ava razli\u010ditim prilikama \u2013 od opu\u0161tenih dnevnih do kombinacija uz sako za poslovni stil.<\/p>","protected":false},"featured_media":54278,"comment_status":"open","ping_status":"closed","template":"","meta":{"_acf_changed":false},"product_brand":[],"product_cat":[76,85,75],"product_tag":[],"class_list":{"0":"post-53757","1":"product","2":"type-product","3":"status-publish","4":"has-post-thumbnail","6":"product_cat-novo","7":"product_cat-bez-rukava","8":"product_cat-majice","9":"pa_kolekcije-loungewear","10":"pa_odaberi-velicinu-125","11":"pa_odaberi-velicinu-126","13":"first","14":"instock","15":"taxable","16":"shipping-taxable","17":"purchasable","18":"product-type-variable"},"acf":[],"_links":{"self":[{"href":"https:\/\/cozy2wear.com\/ba\/wp-json\/wp\/v2\/product\/53757","targetHints":{"allow":["GET"]}}],"collection":[{"href":"https:\/\/cozy2wear.com\/ba\/wp-json\/wp\/v2\/product"}],"about":[{"href":"https:\/\/cozy2wear.com\/ba\/wp-json\/wp\/v2\/types\/product"}],"replies":[{"embeddable":true,"href":"https:\/\/cozy2wear.com\/ba\/wp-json\/wp\/v2\/comments?post=53757"}],"version-history":[{"count":0,"href":"https:\/\/cozy2wear.com\/ba\/wp-json\/wp\/v2\/product\/53757\/revisions"}],"wp:featuredmedia":[{"embeddable":true,"href":"https:\/\/cozy2wear.com\/ba\/wp-json\/wp\/v2\/media\/54278"}],"wp:attachment":[{"href":"https:\/\/cozy2wear.com\/ba\/wp-json\/wp\/v2\/media?parent=53757"}],"wp:term":[{"taxonomy":"product_brand","embeddable":true,"href":"https:\/\/cozy2wear.com\/ba\/wp-json\/wp\/v2\/product_brand?post=53757"},{"taxonomy":"product_cat","embeddable":true,"href":"https:\/\/cozy2wear.com\/ba\/wp-json\/wp\/v2\/product_cat?post=53757"},{"taxonomy":"product_tag","embeddable":true,"href":"https:\/\/cozy2wear.com\/ba\/wp-json\/wp\/v2\/product_tag?post=53757"}],"curies":[{"name":"wp","href":"https:\/\/api.w.org\/{rel}","templated":true}]}}