{"id":53796,"date":"2026-03-25T08:18:39","date_gmt":"2026-03-25T07:18:39","guid":{"rendered":"https:\/\/cozy2wear.com\/?post_type=product&#038;p=53796"},"modified":"2026-04-15T12:06:44","modified_gmt":"2026-04-15T10:06:44","slug":"kimono-long-mocha","status":"publish","type":"product","link":"https:\/\/cozy2wear.com\/ba\/novo\/kimono-long-mocha\/","title":{"rendered":"KIMONO LONG MOCHA"},"content":{"rendered":"<p>Kimono Long donosi novu dimenziju poznatog modela kimona Laganini &#8211; du\u017ei, fluidniji i izra\u0111en od pletene viskoze koja mu daje poseban pad i meko\u0107u, sa d\u017eepovima i dubokim \u0161licevima sa strane. Opu\u0161ten kroj prati pokret tela, stvaraju\u0107i ose\u0107aj lako\u0107e i elegancije bez napora. Idealan za slojevito obla\u010denje, preko haljine, topa ili kupa\u0107eg, prilago\u0111ava se razli\u010ditim prilikama, od svakodnevnih do ve\u010dernjih kombinacija. Komad koji jednostavno zaokru\u017euje ceo izgled, bez mnogo truda.<\/p>\n<p>Materijal koji smo odabrali je 96% viskoza i 4% elastana, pletena tako da pru\u017ea dodatnu meko\u0107u, fleksibilnost i prirodan pad. Prozra\u010dan i lagan, idealan je za toplije dane, ali i za slojevito obla\u010denje tokom cele godine. Sa ljubavlju proizvedena pri humanim uslovima rada, i sa velikom pa\u017enjom posve\u0107enom detaljima, kroju i kvalitetu proizvoda.<\/p>\n<p>Devojka na fotografiji je visoka 180cm i nosi veli\u010dinu 36\/38 &#8211; za pomo\u0107 u odabiru veli\u010dina pogledajte dimenzije proizvoda.<\/p>\n<p>Proizvedeno u Srbiji.<\/p>\n<p>&nbsp;<\/p>","protected":false},"excerpt":{"rendered":"<p>Kimono Long donosi novu dimenziju poznatog modela kimona Laganini &#8211; du\u017ei, fluidniji i izra\u0111en od pletene viskoze koja mu daje poseban pad i meko\u0107u, sa d\u017eepovima i dubokim \u0161licevima sa strane. Opu\u0161ten kroj prati pokret tela, stvaraju\u0107i ose\u0107aj lako\u0107e i elegancije bez napora.<\/p>","protected":false},"featured_media":54250,"comment_status":"open","ping_status":"closed","template":"","meta":{"_acf_changed":false},"product_brand":[],"product_cat":[76,206],"product_tag":[],"class_list":{"0":"post-53796","1":"product","2":"type-product","3":"status-publish","4":"has-post-thumbnail","6":"product_cat-novo","7":"product_cat-kimono","8":"pa_kolekcije-loungewear","9":"pa_odaberi-velicinu-one-size","11":"first","12":"instock","13":"taxable","14":"shipping-taxable","15":"purchasable","16":"product-type-variable"},"acf":[],"_links":{"self":[{"href":"https:\/\/cozy2wear.com\/ba\/wp-json\/wp\/v2\/product\/53796","targetHints":{"allow":["GET"]}}],"collection":[{"href":"https:\/\/cozy2wear.com\/ba\/wp-json\/wp\/v2\/product"}],"about":[{"href":"https:\/\/cozy2wear.com\/ba\/wp-json\/wp\/v2\/types\/product"}],"replies":[{"embeddable":true,"href":"https:\/\/cozy2wear.com\/ba\/wp-json\/wp\/v2\/comments?post=53796"}],"version-history":[{"count":0,"href":"https:\/\/cozy2wear.com\/ba\/wp-json\/wp\/v2\/product\/53796\/revisions"}],"wp:featuredmedia":[{"embeddable":true,"href":"https:\/\/cozy2wear.com\/ba\/wp-json\/wp\/v2\/media\/54250"}],"wp:attachment":[{"href":"https:\/\/cozy2wear.com\/ba\/wp-json\/wp\/v2\/media?parent=53796"}],"wp:term":[{"taxonomy":"product_brand","embeddable":true,"href":"https:\/\/cozy2wear.com\/ba\/wp-json\/wp\/v2\/product_brand?post=53796"},{"taxonomy":"product_cat","embeddable":true,"href":"https:\/\/cozy2wear.com\/ba\/wp-json\/wp\/v2\/product_cat?post=53796"},{"taxonomy":"product_tag","embeddable":true,"href":"https:\/\/cozy2wear.com\/ba\/wp-json\/wp\/v2\/product_tag?post=53796"}],"curies":[{"name":"wp","href":"https:\/\/api.w.org\/{rel}","templated":true}]}}