{"id":53844,"date":"2026-03-25T08:29:21","date_gmt":"2026-03-25T07:29:21","guid":{"rendered":"https:\/\/cozy2wear.com\/?post_type=product&#038;p=53844"},"modified":"2026-04-22T14:23:10","modified_gmt":"2026-04-22T12:23:10","slug":"majica-beyond-basic-cream","status":"publish","type":"product","link":"https:\/\/cozy2wear.com\/ba\/novo\/majica-beyond-basic-cream\/","title":{"rendered":"MAJICA BEYOND BASIC CREAM"},"content":{"rendered":"<p>Majica Beyond Basic pomera granicu izme\u0111u obi\u010dnog i onog komada koji stvarno nosi outfit. Kratki mi\u0161 rukavi daju joj ne tako obi\u010dnu siluetu u gornjem delu, dok opu\u0161ten kroj ostavlja prostor za udobnost i lako no\u0161enje kroz ceo dan. Bez suvi\u0161nih detalja, ali sa dovoljno stava da ne pro\u0111e neprime\u0107eno. Komad koji uzme\u0161 kad ho\u0107e\u0161 ne\u0161to jednostavno &#8211; ali da ipak izgleda kao da si razmi\u0161ljala \u0161ta obla\u010di\u0161.<\/p>\n<p>Materijal koji smo odabrali je 96% viskoza i 4% elastana, pletena tako da pru\u017ea dodatnu meko\u0107u, fleksibilnost i prirodan pad. Prozra\u010dan i lagan, idealan je za toplije dane, ali i za slojevito obla\u010denje tokom cele godine. Sa ljubavlju proizvedena pri humanim uslovima rada, i sa velikom pa\u017enjom posve\u0107enom detaljima, kroju i kvalitetu proizvoda.<\/p>\n<p>Devojka na fotografiji je visoka 180cm i nosi veli\u010dinu 36\/38 &#8211; za pomo\u0107 u odabiru veli\u010dina pogledajte dimenzije proizvoda.<\/p>\n<p>Proizvedeno u Srbiji.<\/p>","protected":false},"excerpt":{"rendered":"<p>Majica Beyond Basic pomera granicu izme\u0111u obi\u010dnog i onog komada koji stvarno nosi outfit. Kratki mi\u0161 rukavi daju joj ne tako obi\u010dnu siluetu u gornjem delu, dok opu\u0161ten kroj ostavlja prostor za udobnost i lako no\u0161enje kroz ceo dan.<\/p>\n<p><strong>Napomena: nijansa majice se blago razlikuje u odnosu na pantalone i kimono u ice cream boji.<\/strong><\/p>","protected":false},"featured_media":54225,"comment_status":"open","ping_status":"closed","template":"","meta":{"_acf_changed":false},"product_brand":[],"product_cat":[76,83,75],"product_tag":[],"class_list":{"0":"post-53844","1":"product","2":"type-product","3":"status-publish","4":"has-post-thumbnail","6":"product_cat-novo","7":"product_cat-kratak-rukav","8":"product_cat-majice","9":"pa_kolekcije-loungewear","10":"pa_odaberi-velicinu-125","11":"pa_odaberi-velicinu-126","13":"first","14":"instock","15":"taxable","16":"shipping-taxable","17":"purchasable","18":"product-type-variable"},"acf":[],"_links":{"self":[{"href":"https:\/\/cozy2wear.com\/ba\/wp-json\/wp\/v2\/product\/53844","targetHints":{"allow":["GET"]}}],"collection":[{"href":"https:\/\/cozy2wear.com\/ba\/wp-json\/wp\/v2\/product"}],"about":[{"href":"https:\/\/cozy2wear.com\/ba\/wp-json\/wp\/v2\/types\/product"}],"replies":[{"embeddable":true,"href":"https:\/\/cozy2wear.com\/ba\/wp-json\/wp\/v2\/comments?post=53844"}],"version-history":[{"count":0,"href":"https:\/\/cozy2wear.com\/ba\/wp-json\/wp\/v2\/product\/53844\/revisions"}],"wp:featuredmedia":[{"embeddable":true,"href":"https:\/\/cozy2wear.com\/ba\/wp-json\/wp\/v2\/media\/54225"}],"wp:attachment":[{"href":"https:\/\/cozy2wear.com\/ba\/wp-json\/wp\/v2\/media?parent=53844"}],"wp:term":[{"taxonomy":"product_brand","embeddable":true,"href":"https:\/\/cozy2wear.com\/ba\/wp-json\/wp\/v2\/product_brand?post=53844"},{"taxonomy":"product_cat","embeddable":true,"href":"https:\/\/cozy2wear.com\/ba\/wp-json\/wp\/v2\/product_cat?post=53844"},{"taxonomy":"product_tag","embeddable":true,"href":"https:\/\/cozy2wear.com\/ba\/wp-json\/wp\/v2\/product_tag?post=53844"}],"curies":[{"name":"wp","href":"https:\/\/api.w.org\/{rel}","templated":true}]}}