{"id":53865,"date":"2026-03-25T08:37:52","date_gmt":"2026-03-25T07:37:52","guid":{"rendered":"https:\/\/cozy2wear.com\/?post_type=product&#038;p=53865"},"modified":"2026-04-15T12:11:26","modified_gmt":"2026-04-15T10:11:26","slug":"haljina-ava-mocha","status":"publish","type":"product","link":"https:\/\/cozy2wear.com\/ba\/novo\/haljina-ava-mocha\/","title":{"rendered":"HALJINA AVA MOCHA"},"content":{"rendered":"<p>Haljina Ava zadr\u017eava prepoznatljiv opu\u0161teni kroj majice Ava i asimetri\u010dnu formu koja joj daje moderan, nenametljiv karakter. D\u017eepovi donose dozu prakti\u010dnosti i \u010dine je idealnim izborom za svakodnevno no\u0161enje. Lagana i prijatna, ne\u017eno prati pokret tela bez ose\u0107aja stezanja, pa se lako nosi kroz ceo dan &#8211; uz patike, sandale ili u slojevitim kombinacijama, uvek izgledaju\u0107i podjednako dobro.<\/p>\n<p>Materijal koji smo odabrali je 96% viskoza i 4% elastana, pletena tako da pru\u017ea dodatnu meko\u0107u, fleksibilnost i prirodan pad. Prozra\u010dan i lagan, idealan je za toplije dane, ali i za slojevito obla\u010denje tokom cele godine. Sa ljubavlju proizvedena pri humanim uslovima rada, i sa velikom pa\u017enjom posve\u0107enom detaljima, kroju i kvalitetu proizvoda.<\/p>\n<p>Devojka na fotografiji je visoka 180cm i nosi veli\u010dinu 36\/38 &#8211; za pomo\u0107 u odabiru veli\u010dina pogledajte dimenzije proizvoda.<\/p>\n<p>Proizvedeno u Srbiji.<\/p>","protected":false},"excerpt":{"rendered":"<p>Haljina Ava zadr\u017eava prepoznatljiv opu\u0161teni kroj majice Ava i asimetri\u010dnu formu koja joj daje moderan, nenametljiv karakter. D\u017eepovi donose dozu prakti\u010dnosti i \u010dine je idealnim izborom za svakodnevno no\u0161enje. Lagana i prijatna, ne\u017eno prati pokret tela bez ose\u0107aja stezanja, pa se lako nosi kroz ceo dan &#8211; uz patike, sandale ili u slojevitim kombinacijama, uvek izgledaju\u0107i podjednako dobro.<\/p>","protected":false},"featured_media":54218,"comment_status":"open","ping_status":"closed","template":"","meta":{"_acf_changed":false},"product_brand":[],"product_cat":[76,82],"product_tag":[],"class_list":{"0":"post-53865","1":"product","2":"type-product","3":"status-publish","4":"has-post-thumbnail","6":"product_cat-novo","7":"product_cat-haljine","8":"pa_kolekcije-loungewear","9":"pa_odaberi-velicinu-125","10":"pa_odaberi-velicinu-126","12":"first","13":"instock","14":"taxable","15":"shipping-taxable","16":"purchasable","17":"product-type-variable"},"acf":[],"_links":{"self":[{"href":"https:\/\/cozy2wear.com\/ba\/wp-json\/wp\/v2\/product\/53865","targetHints":{"allow":["GET"]}}],"collection":[{"href":"https:\/\/cozy2wear.com\/ba\/wp-json\/wp\/v2\/product"}],"about":[{"href":"https:\/\/cozy2wear.com\/ba\/wp-json\/wp\/v2\/types\/product"}],"replies":[{"embeddable":true,"href":"https:\/\/cozy2wear.com\/ba\/wp-json\/wp\/v2\/comments?post=53865"}],"version-history":[{"count":0,"href":"https:\/\/cozy2wear.com\/ba\/wp-json\/wp\/v2\/product\/53865\/revisions"}],"wp:featuredmedia":[{"embeddable":true,"href":"https:\/\/cozy2wear.com\/ba\/wp-json\/wp\/v2\/media\/54218"}],"wp:attachment":[{"href":"https:\/\/cozy2wear.com\/ba\/wp-json\/wp\/v2\/media?parent=53865"}],"wp:term":[{"taxonomy":"product_brand","embeddable":true,"href":"https:\/\/cozy2wear.com\/ba\/wp-json\/wp\/v2\/product_brand?post=53865"},{"taxonomy":"product_cat","embeddable":true,"href":"https:\/\/cozy2wear.com\/ba\/wp-json\/wp\/v2\/product_cat?post=53865"},{"taxonomy":"product_tag","embeddable":true,"href":"https:\/\/cozy2wear.com\/ba\/wp-json\/wp\/v2\/product_tag?post=53865"}],"curies":[{"name":"wp","href":"https:\/\/api.w.org\/{rel}","templated":true}]}}