{"id":53985,"date":"2026-03-25T13:10:41","date_gmt":"2026-03-25T12:10:41","guid":{"rendered":"https:\/\/cozy2wear.com\/?post_type=product&#038;p=53985"},"modified":"2026-04-24T10:17:53","modified_gmt":"2026-04-24T08:17:53","slug":"haljina-lumiere-ice","status":"publish","type":"product","link":"https:\/\/cozy2wear.com\/ba\/haljine\/haljina-lumiere-ice\/","title":{"rendered":"HALJINA LUMIERE ICE"},"content":{"rendered":"<p><span style=\"font-weight: 400;\">Haljina Lumiere od 100% viskoze izra\u0111ena u stilu kimona otkriva neodoljivu kombinaciju suptilnosti i elegancije. <\/span><span style=\"font-weight: 400;\">Njena maxi du\u017eina, \u0161iroki rukavi, tanki pojas<\/span><span style=\"font-weight: 400;\">\u00a0koji ve\u017ee i obavija cijeli struk i tako se prilago\u0111ava \u0161irini va\u0161eg struka,<\/span><span style=\"font-weight: 400;\"> Dodaju da\u0161ak sofisticiranosti i le\u017eernosti, kako biste se istovremeno osje\u0107ali opu\u0161teno i ugodno.<\/span><\/p>\n<p>Materijal koji smo odabrali je viskoza 100%. Proizvedeno s ljubavlju u humanim radnim uslovima, s velikom pa\u017enjom posve\u0107enom detaljima, kroju i kvaliteti proizvoda.<\/p>\n<p>Proizvedeno u Srbiji.<\/p>","protected":false},"excerpt":{"rendered":"<p><span style=\"font-weight: 400;\">Haljina Lumiere Ice od 100% viskoze izra\u0111ena u stilu kimona otkriva neodoljivu kombinaciju suptilnosti i elegancije. <\/span><span style=\"font-weight: 400;\">Njena maxi du\u017eina, \u0161iroki rukavi, tanki pojas<\/span><span style=\"font-weight: 400;\">\u00a0koji ve\u017ee i obavija cijeli struk i tako se prilago\u0111ava \u0161irini va\u0161eg struka,<\/span><span style=\"font-weight: 400;\"> Dodaju da\u0161ak sofisticiranosti i le\u017eernosti, kako biste se istovremeno osje\u0107ali opu\u0161teno i ugodno.<\/span><\/p>","protected":false},"featured_media":54205,"comment_status":"open","ping_status":"closed","template":"","meta":{"_acf_changed":false},"product_brand":[],"product_cat":[82,76],"product_tag":[],"class_list":{"0":"post-53985","1":"product","2":"type-product","3":"status-publish","4":"has-post-thumbnail","6":"product_cat-haljine","7":"product_cat-novo","8":"pa_kolekcije-studio","9":"pa_odaberi-velicinu-one-size","11":"first","12":"instock","13":"taxable","14":"shipping-taxable","15":"purchasable","16":"product-type-variable"},"acf":[],"_links":{"self":[{"href":"https:\/\/cozy2wear.com\/ba\/wp-json\/wp\/v2\/product\/53985","targetHints":{"allow":["GET"]}}],"collection":[{"href":"https:\/\/cozy2wear.com\/ba\/wp-json\/wp\/v2\/product"}],"about":[{"href":"https:\/\/cozy2wear.com\/ba\/wp-json\/wp\/v2\/types\/product"}],"replies":[{"embeddable":true,"href":"https:\/\/cozy2wear.com\/ba\/wp-json\/wp\/v2\/comments?post=53985"}],"version-history":[{"count":2,"href":"https:\/\/cozy2wear.com\/ba\/wp-json\/wp\/v2\/product\/53985\/revisions"}],"predecessor-version":[{"id":55734,"href":"https:\/\/cozy2wear.com\/ba\/wp-json\/wp\/v2\/product\/53985\/revisions\/55734"}],"wp:featuredmedia":[{"embeddable":true,"href":"https:\/\/cozy2wear.com\/ba\/wp-json\/wp\/v2\/media\/54205"}],"wp:attachment":[{"href":"https:\/\/cozy2wear.com\/ba\/wp-json\/wp\/v2\/media?parent=53985"}],"wp:term":[{"taxonomy":"product_brand","embeddable":true,"href":"https:\/\/cozy2wear.com\/ba\/wp-json\/wp\/v2\/product_brand?post=53985"},{"taxonomy":"product_cat","embeddable":true,"href":"https:\/\/cozy2wear.com\/ba\/wp-json\/wp\/v2\/product_cat?post=53985"},{"taxonomy":"product_tag","embeddable":true,"href":"https:\/\/cozy2wear.com\/ba\/wp-json\/wp\/v2\/product_tag?post=53985"}],"curies":[{"name":"wp","href":"https:\/\/api.w.org\/{rel}","templated":true}]}}