{"id":55096,"date":"2026-04-21T08:17:24","date_gmt":"2026-04-21T06:17:24","guid":{"rendered":"https:\/\/cozy2wear.com\/?post_type=product&#038;p=55096"},"modified":"2026-04-24T12:00:54","modified_gmt":"2026-04-24T10:00:54","slug":"majica-aura-lyocell-blush","status":"publish","type":"product","link":"https:\/\/cozy2wear.com\/ba\/novo\/majica-aura-lyocell-blush\/","title":{"rendered":"MAJICA AURA LYOCELL BLUSH"},"content":{"rendered":"<p data-start=\"97\" data-end=\"233\">Majica Aura na jedno rame, \u0161iroka je, lepr\u0161ava i izra\u0111ena od 50% Lyocella (Tencel\u00ae) i 50% Modala. Asimetri\u010dnog je kroja, idealna za tople dane. Stvorena za \u017eene koje vole jednostavnost s karakterom, koje se najbolje ose\u0107aju kad im je udobno \u2014 i kad to udobno izgleda sjajno.<\/p>\n<p>Liocel (Tencel\u00ae) je napredno vlakno proizvedeno od biorazgradivog materijala, ta\u010dnije od celuloze eukaliptusa, i zbog svojih prirodnih svojstava kao i metoda obrade, pogodan je materijal za okolinu. Vrlo je ugodan u kontaktu s ko\u017eom, tkanina je vrlo prozra\u010dna i odli\u010dno upija znoj i vlagu. Tako\u0111er je odli\u010dan materijal za sve s osjetljivom ko\u017eom. Modal je celulozno vlakno, sli\u010dno viskozi, samo ne\u0161to mek\u0161e.<\/p>\n<p>Proizvedeno u Srbiji.<\/p>","protected":false},"excerpt":{"rendered":"<p>Majica Aura na jedno rame, \u0161iroka je, lepr\u0161ava i izra\u0111ena od 50% Lyocella (Tencel\u00ae) i 50% Modala. Asimetri\u010dnog je kroja, idealna za tople dane. Stvorena za \u017eene koje vole jednostavnost s karakterom, koje se najbolje ose\u0107aju kad im je udobno \u2014 i kad to udobno izgleda sjajno.<\/p>","protected":false},"featured_media":55340,"comment_status":"open","ping_status":"closed","template":"","meta":{"_acf_changed":false},"product_brand":[],"product_cat":[76,85,83,75],"product_tag":[],"class_list":{"0":"post-55096","1":"product","2":"type-product","3":"status-publish","4":"has-post-thumbnail","6":"product_cat-novo","7":"product_cat-bez-rukava","8":"product_cat-kratak-rukav","9":"product_cat-majice","10":"pa_kolekcije-studio","11":"pa_odaberi-velicinu-241","12":"pa_odaberi-velicinu-125","13":"pa_odaberi-velicinu-126","15":"first","16":"instock","17":"taxable","18":"shipping-taxable","19":"purchasable","20":"product-type-variable"},"acf":[],"_links":{"self":[{"href":"https:\/\/cozy2wear.com\/ba\/wp-json\/wp\/v2\/product\/55096","targetHints":{"allow":["GET"]}}],"collection":[{"href":"https:\/\/cozy2wear.com\/ba\/wp-json\/wp\/v2\/product"}],"about":[{"href":"https:\/\/cozy2wear.com\/ba\/wp-json\/wp\/v2\/types\/product"}],"replies":[{"embeddable":true,"href":"https:\/\/cozy2wear.com\/ba\/wp-json\/wp\/v2\/comments?post=55096"}],"version-history":[{"count":0,"href":"https:\/\/cozy2wear.com\/ba\/wp-json\/wp\/v2\/product\/55096\/revisions"}],"wp:featuredmedia":[{"embeddable":true,"href":"https:\/\/cozy2wear.com\/ba\/wp-json\/wp\/v2\/media\/55340"}],"wp:attachment":[{"href":"https:\/\/cozy2wear.com\/ba\/wp-json\/wp\/v2\/media?parent=55096"}],"wp:term":[{"taxonomy":"product_brand","embeddable":true,"href":"https:\/\/cozy2wear.com\/ba\/wp-json\/wp\/v2\/product_brand?post=55096"},{"taxonomy":"product_cat","embeddable":true,"href":"https:\/\/cozy2wear.com\/ba\/wp-json\/wp\/v2\/product_cat?post=55096"},{"taxonomy":"product_tag","embeddable":true,"href":"https:\/\/cozy2wear.com\/ba\/wp-json\/wp\/v2\/product_tag?post=55096"}],"curies":[{"name":"wp","href":"https:\/\/api.w.org\/{rel}","templated":true}]}}