{"id":55154,"date":"2026-04-21T08:19:25","date_gmt":"2026-04-21T06:19:25","guid":{"rendered":"https:\/\/cozy2wear.com\/?post_type=product&#038;p=55154"},"modified":"2026-04-21T12:42:00","modified_gmt":"2026-04-21T10:42:00","slug":"kosulja-utility-sand","status":"publish","type":"product","link":"https:\/\/cozy2wear.com\/ba\/kosulje\/kosulja-utility-sand\/","title":{"rendered":"KO\u0160ULJA UTILITY SAND"},"content":{"rendered":"<p>Ko\u0161ulja Utility izgleda kao statement, a nosi se kao basic. Mekana, lagana i oversized kroja, sa nagla\u0161enim d\u017eepovima koji joj daju taj <em>utility<\/em> vibe. Dovoljno posebna da nosi outfit sama, a opet dovoljno neutralna da ide uz sve.<\/p>\n<p>U kombinaciji sa<a href=\"https:\/\/cozy2wear.com\/ba\/hlace\/hamptons-pjescane-hlace\/\"> pantalonama Hamptons<\/a> dobija\u0161 efekat modernog kombinezona, bez odricanja od udobnosti i fleksibilnosti. A kada \u017eeli\u0161 promenu, lako je stilizuje\u0161 uz jeans, \u0161orts ili preko haljine kao lagani sloj.<\/p>\n<p>Liocel (Tencel\u00ae) je napredno vlakno proizvedeno od biorazgradivog materijala, ta\u010dnije od celuloze eukaliptusa, i zbog svojih prirodnih svojstava kao i metoda obrade, pogodan je materijal za okolinu. Vrlo je ugodan u kontaktu s ko\u017eom, tkanina je vrlo prozra\u010dna i odli\u010dno upija znoj i vlagu. Tako\u0111er je odli\u010dan materijal za sve s osjetljivom ko\u017eom. Modal je celulozno vlakno, sli\u010dno viskozi, samo ne\u0161to mek\u0161e.<\/p>\n<p>Devojka na prvim fotografijama je visoka 180cm, na ostalim 175cm.<\/p>\n<p>Proizvedeno u Srbiji.<\/p>","protected":false},"excerpt":{"rendered":"<p>Ko\u0161ulja Utility izgleda kao statement, a nosi se kao basic. Mekana, lagana i oversized kroja, sa nagla\u0161enim d\u017eepovima koji joj daju taj <em>utility<\/em> vibe. Dovoljno posebna da nosi outfit sama, a opet dovoljno neutralna da ide uz sve.<\/p>","protected":false},"featured_media":55395,"comment_status":"open","ping_status":"closed","template":"","meta":{"_acf_changed":false},"product_brand":[],"product_cat":[86,76],"product_tag":[],"class_list":{"0":"post-55154","1":"product","2":"type-product","3":"status-publish","4":"has-post-thumbnail","6":"product_cat-kosulje","7":"product_cat-novo","8":"pa_kolekcije-studio","9":"pa_odaberi-velicinu-one-size","11":"first","12":"instock","13":"taxable","14":"shipping-taxable","15":"purchasable","16":"product-type-variable"},"acf":[],"_links":{"self":[{"href":"https:\/\/cozy2wear.com\/ba\/wp-json\/wp\/v2\/product\/55154","targetHints":{"allow":["GET"]}}],"collection":[{"href":"https:\/\/cozy2wear.com\/ba\/wp-json\/wp\/v2\/product"}],"about":[{"href":"https:\/\/cozy2wear.com\/ba\/wp-json\/wp\/v2\/types\/product"}],"replies":[{"embeddable":true,"href":"https:\/\/cozy2wear.com\/ba\/wp-json\/wp\/v2\/comments?post=55154"}],"version-history":[{"count":3,"href":"https:\/\/cozy2wear.com\/ba\/wp-json\/wp\/v2\/product\/55154\/revisions"}],"predecessor-version":[{"id":55197,"href":"https:\/\/cozy2wear.com\/ba\/wp-json\/wp\/v2\/product\/55154\/revisions\/55197"}],"wp:featuredmedia":[{"embeddable":true,"href":"https:\/\/cozy2wear.com\/ba\/wp-json\/wp\/v2\/media\/55395"}],"wp:attachment":[{"href":"https:\/\/cozy2wear.com\/ba\/wp-json\/wp\/v2\/media?parent=55154"}],"wp:term":[{"taxonomy":"product_brand","embeddable":true,"href":"https:\/\/cozy2wear.com\/ba\/wp-json\/wp\/v2\/product_brand?post=55154"},{"taxonomy":"product_cat","embeddable":true,"href":"https:\/\/cozy2wear.com\/ba\/wp-json\/wp\/v2\/product_cat?post=55154"},{"taxonomy":"product_tag","embeddable":true,"href":"https:\/\/cozy2wear.com\/ba\/wp-json\/wp\/v2\/product_tag?post=55154"}],"curies":[{"name":"wp","href":"https:\/\/api.w.org\/{rel}","templated":true}]}}