{"id":55512,"date":"2026-04-23T09:52:17","date_gmt":"2026-04-23T07:52:17","guid":{"rendered":"https:\/\/cozy2wear.com\/?post_type=product&#038;p=55512"},"modified":"2026-04-30T17:39:21","modified_gmt":"2026-04-30T15:39:21","slug":"majica-classy-lyocell-blush","status":"publish","type":"product","link":"https:\/\/cozy2wear.com\/ba\/novo\/majica-classy-lyocell-blush\/","title":{"rendered":"MAJICA CLASSY LYOCELL BLUSH"},"content":{"rendered":"<p>Majica Classy Lyocell koja di\u0161e s tobom, meka, ne\u017ena i \u0161iroke bretele koje pru\u017eaju punu udobnost i lako\u0107u pokreta. Okrugli izrez daje joj klasi\u010dan \u0161mek, a jednostavan kroj \u010dini je zahvalnim komadom za svaku priliku. Mo\u017ee\u0161 je nositi uz omiljeni \u0161orts, lepr\u0161ave pantalone ili slojevito, ispod sakoa ili kardigana. Toliko jednostavna, a toliko nosiva. Na\u0161 tihi favorit za svaki dan i one posebne trenutke izme\u0111u. \ud83d\ude42<\/p>\n<p>Liocel (Tencel\u00ae) je napredno vlakno proizvedeno od biorazgradivog materijala, ta\u010dnije od celuloze eukaliptusa, i zbog svojih prirodnih svojstava kao i metoda obrade, pogodan je materijal za okolinu. Vrlo je ugodan u kontaktu s ko\u017eom, tkanina je vrlo prozra\u010dna i odli\u010dno upija znoj i vlagu. Tako\u0111er je odli\u010dan materijal za sve s osjetljivom ko\u017eom. Modal je celulozno vlakno, sli\u010dno viskozi, samo ne\u0161to mek\u0161e.<\/p>\n<p>Proizvedeno u Srbiji.<\/p>","protected":false},"excerpt":{"rendered":"<p>Majica Classy Lyocell koja di\u0161e s tobom, meka, ne\u017ena i \u0161iroke bretele koje pru\u017eaju punu udobnost i lako\u0107u pokreta.<\/p>","protected":false},"featured_media":55517,"comment_status":"open","ping_status":"closed","template":"","meta":{"_acf_changed":false},"product_brand":[],"product_cat":[76,85,75],"product_tag":[],"class_list":{"0":"post-55512","1":"product","2":"type-product","3":"status-publish","4":"has-post-thumbnail","6":"product_cat-novo","7":"product_cat-bez-rukava","8":"product_cat-majice","9":"pa_kolekcije-studio","10":"pa_odaberi-velicinu-125","11":"pa_odaberi-velicinu-126","12":"pa_odaberi-velicinu-131","14":"first","15":"instock","16":"taxable","17":"shipping-taxable","18":"purchasable","19":"product-type-variable"},"acf":[],"_links":{"self":[{"href":"https:\/\/cozy2wear.com\/ba\/wp-json\/wp\/v2\/product\/55512","targetHints":{"allow":["GET"]}}],"collection":[{"href":"https:\/\/cozy2wear.com\/ba\/wp-json\/wp\/v2\/product"}],"about":[{"href":"https:\/\/cozy2wear.com\/ba\/wp-json\/wp\/v2\/types\/product"}],"replies":[{"embeddable":true,"href":"https:\/\/cozy2wear.com\/ba\/wp-json\/wp\/v2\/comments?post=55512"}],"version-history":[{"count":1,"href":"https:\/\/cozy2wear.com\/ba\/wp-json\/wp\/v2\/product\/55512\/revisions"}],"predecessor-version":[{"id":56152,"href":"https:\/\/cozy2wear.com\/ba\/wp-json\/wp\/v2\/product\/55512\/revisions\/56152"}],"wp:featuredmedia":[{"embeddable":true,"href":"https:\/\/cozy2wear.com\/ba\/wp-json\/wp\/v2\/media\/55517"}],"wp:attachment":[{"href":"https:\/\/cozy2wear.com\/ba\/wp-json\/wp\/v2\/media?parent=55512"}],"wp:term":[{"taxonomy":"product_brand","embeddable":true,"href":"https:\/\/cozy2wear.com\/ba\/wp-json\/wp\/v2\/product_brand?post=55512"},{"taxonomy":"product_cat","embeddable":true,"href":"https:\/\/cozy2wear.com\/ba\/wp-json\/wp\/v2\/product_cat?post=55512"},{"taxonomy":"product_tag","embeddable":true,"href":"https:\/\/cozy2wear.com\/ba\/wp-json\/wp\/v2\/product_tag?post=55512"}],"curies":[{"name":"wp","href":"https:\/\/api.w.org\/{rel}","templated":true}]}}