{"id":55554,"date":"2026-04-23T10:28:29","date_gmt":"2026-04-23T08:28:29","guid":{"rendered":"https:\/\/cozy2wear.com\/?post_type=product&#038;p=55554"},"modified":"2026-04-24T10:32:52","modified_gmt":"2026-04-24T08:32:52","slug":"sorts-hamptons-sand","status":"publish","type":"product","link":"https:\/\/cozy2wear.com\/ba\/novo\/sorts-hamptons-sand\/","title":{"rendered":"\u0160ORTS HAMPTONS SAND"},"content":{"rendered":"<p>\u0160orts Hamptons od 50% Lyocella (Tencel\u00ae) i 50% Modala, kroj sa visokim strukom i diskretnim faltama, nastaje kao skra\u0107ena verzija na\u0161ih prepoznatljivih Hamptons pantalona, ostavlja ose\u0107aj lako\u0107e i prefinjenosti.<\/p>\n<p data-start=\"425\" data-end=\"637\">Idealan je za tople dane kada \u017eeli\u0161 da izgleda\u0161 sre\u0111eno bez previ\u0161e slojeva. U kombinaciji sa Utility ko\u0161uljom dobija se skladan, sofisticiran izgled koji podse\u0107a na moderan letnji kombinezon, \u010dist, elegantan i bez vi\u0161ka detalja.<\/p>\n<p>Liocel (Tencel\u00ae) je napredno vlakno proizvedeno od biorazgradivog materijala, ta\u010dnije od celuloze eukaliptusa, i zbog svojih prirodnih svojstava kao i metoda obrade, pogodan je materijal za okolinu. Vrlo je ugodan u kontaktu s ko\u017eom, tkanina je vrlo prozra\u010dna i odli\u010dno upija znoj i vlagu. Tako\u0111er je odli\u010dan materijal za sve s osjetljivom ko\u017eom. Modal je celulozno vlakno, sli\u010dno viskozi, samo ne\u0161to mek\u0161e.<\/p>\n<p>Proizvedeno u Srbiji.<\/p>","protected":false},"excerpt":{"rendered":"<p>\u0160orts Hamptons od 50% Lyocella (Tencel\u00ae) i 50% Modala, kroj sa visokim strukom i diskretnim faltama, nastaje kao skra\u0107ena verzija na\u0161ih prepoznatljivih Hamptons pantalona, ostavlja ose\u0107aj lako\u0107e i prefinjenosti.<\/p>","protected":false},"featured_media":55561,"comment_status":"open","ping_status":"closed","template":"","meta":{"_acf_changed":false},"product_brand":[],"product_cat":[76,92],"product_tag":[],"class_list":{"0":"post-55554","1":"product","2":"type-product","3":"status-publish","4":"has-post-thumbnail","6":"product_cat-novo","7":"product_cat-sorcevi","8":"pa_kolekcije-studio","9":"pa_odaberi-velicinu-241","10":"pa_odaberi-velicinu-125","11":"pa_odaberi-velicinu-126","12":"c2w-loop-coming-soon","14":"first","15":"outofstock","16":"taxable","17":"shipping-taxable","18":"product-type-variable"},"acf":[],"_links":{"self":[{"href":"https:\/\/cozy2wear.com\/ba\/wp-json\/wp\/v2\/product\/55554","targetHints":{"allow":["GET"]}}],"collection":[{"href":"https:\/\/cozy2wear.com\/ba\/wp-json\/wp\/v2\/product"}],"about":[{"href":"https:\/\/cozy2wear.com\/ba\/wp-json\/wp\/v2\/types\/product"}],"replies":[{"embeddable":true,"href":"https:\/\/cozy2wear.com\/ba\/wp-json\/wp\/v2\/comments?post=55554"}],"version-history":[{"count":3,"href":"https:\/\/cozy2wear.com\/ba\/wp-json\/wp\/v2\/product\/55554\/revisions"}],"predecessor-version":[{"id":55759,"href":"https:\/\/cozy2wear.com\/ba\/wp-json\/wp\/v2\/product\/55554\/revisions\/55759"}],"wp:featuredmedia":[{"embeddable":true,"href":"https:\/\/cozy2wear.com\/ba\/wp-json\/wp\/v2\/media\/55561"}],"wp:attachment":[{"href":"https:\/\/cozy2wear.com\/ba\/wp-json\/wp\/v2\/media?parent=55554"}],"wp:term":[{"taxonomy":"product_brand","embeddable":true,"href":"https:\/\/cozy2wear.com\/ba\/wp-json\/wp\/v2\/product_brand?post=55554"},{"taxonomy":"product_cat","embeddable":true,"href":"https:\/\/cozy2wear.com\/ba\/wp-json\/wp\/v2\/product_cat?post=55554"},{"taxonomy":"product_tag","embeddable":true,"href":"https:\/\/cozy2wear.com\/ba\/wp-json\/wp\/v2\/product_tag?post=55554"}],"curies":[{"name":"wp","href":"https:\/\/api.w.org\/{rel}","templated":true}]}}