{"id":55970,"date":"2026-04-29T08:02:08","date_gmt":"2026-04-29T06:02:08","guid":{"rendered":"https:\/\/cozy2wear.com\/?post_type=product&#038;p=55970"},"modified":"2026-04-29T20:39:13","modified_gmt":"2026-04-29T18:39:13","slug":"pantalone-laganini-olive-light","status":"publish","type":"product","link":"https:\/\/cozy2wear.com\/ba\/novo\/pantalone-laganini-olive-light\/","title":{"rendered":"PANTALONE LAGANINI OLIVE LIGHT"},"content":{"rendered":"<p><span style=\"font-weight: 400;\">Pantalone Laganini, letnja verzija Palazzo trenerke, lagane, lepr\u0161ave od viskoze, savr\u0161ene za visoke temperature i vrele letnje no\u0107i. Precizno dizajnirane i proizvedene po najvi\u0161im standardima, pred vama su Palazzo pantalone sa prelepom siluetom koja je opu\u0161tenija u predelu bokova, i \u0161iri se skroz do poda. Duga\u010dkih nogavica, imaju visok struk sa lasti\u0161em, kose prednje d\u017eepove i po dve falte na prednjem delu. Mogu da se nose u kombinaciji sa majicom na bretele Laganini, a generalno se lako kombinuju sa svim letnjim gornjim delovima.\u00a0<\/span><\/p>\n<p>Materijal koji smo odabrali je viskoza 100%. Proizvedeno s ljubavlju u humanim radnim uslovima, s velikom pa\u017enjom posve\u0107enom detaljima, kroju i kvaliteti proizvoda.<\/p>\n<p>Proizvedeno u Srbiji.<\/p>","protected":false},"excerpt":{"rendered":"<p><span style=\"font-weight: 400;\">Pantalone Laganini, letnja verzija Palazzo trenerke, lagane, lepr\u0161ave od viskoze, savr\u0161ene za visoke temperature i vrele letnje no\u0107i.<\/span><\/p>","protected":false},"featured_media":55980,"comment_status":"open","ping_status":"closed","template":"","meta":{"_acf_changed":false},"product_brand":[],"product_cat":[76,90],"product_tag":[],"class_list":{"0":"post-55970","1":"product","2":"type-product","3":"status-publish","4":"has-post-thumbnail","6":"product_cat-novo","7":"product_cat-pantalone","8":"pa_kolekcije-laganini","9":"pa_odaberi-velicinu-241","10":"pa_odaberi-velicinu-125","11":"pa_odaberi-velicinu-3638tall","12":"pa_odaberi-velicinu-126","13":"pa_odaberi-velicinu-4042tall","14":"pa_odaberi-velicinu-131","15":"pa_odaberi-velicinu-4446tall","17":"first","18":"instock","19":"taxable","20":"shipping-taxable","21":"purchasable","22":"product-type-variable"},"acf":[],"_links":{"self":[{"href":"https:\/\/cozy2wear.com\/ba\/wp-json\/wp\/v2\/product\/55970","targetHints":{"allow":["GET"]}}],"collection":[{"href":"https:\/\/cozy2wear.com\/ba\/wp-json\/wp\/v2\/product"}],"about":[{"href":"https:\/\/cozy2wear.com\/ba\/wp-json\/wp\/v2\/types\/product"}],"replies":[{"embeddable":true,"href":"https:\/\/cozy2wear.com\/ba\/wp-json\/wp\/v2\/comments?post=55970"}],"version-history":[{"count":2,"href":"https:\/\/cozy2wear.com\/ba\/wp-json\/wp\/v2\/product\/55970\/revisions"}],"predecessor-version":[{"id":56031,"href":"https:\/\/cozy2wear.com\/ba\/wp-json\/wp\/v2\/product\/55970\/revisions\/56031"}],"wp:featuredmedia":[{"embeddable":true,"href":"https:\/\/cozy2wear.com\/ba\/wp-json\/wp\/v2\/media\/55980"}],"wp:attachment":[{"href":"https:\/\/cozy2wear.com\/ba\/wp-json\/wp\/v2\/media?parent=55970"}],"wp:term":[{"taxonomy":"product_brand","embeddable":true,"href":"https:\/\/cozy2wear.com\/ba\/wp-json\/wp\/v2\/product_brand?post=55970"},{"taxonomy":"product_cat","embeddable":true,"href":"https:\/\/cozy2wear.com\/ba\/wp-json\/wp\/v2\/product_cat?post=55970"},{"taxonomy":"product_tag","embeddable":true,"href":"https:\/\/cozy2wear.com\/ba\/wp-json\/wp\/v2\/product_tag?post=55970"}],"curies":[{"name":"wp","href":"https:\/\/api.w.org\/{rel}","templated":true}]}}