{"id":56059,"date":"2026-04-29T08:03:18","date_gmt":"2026-04-29T06:03:18","guid":{"rendered":"https:\/\/cozy2wear.com\/?post_type=product&#038;p=56059"},"modified":"2026-04-29T18:33:28","modified_gmt":"2026-04-29T16:33:28","slug":"kimono-laganini-olive-light","status":"publish","type":"product","link":"https:\/\/cozy2wear.com\/ba\/kimono\/kimono-laganini-olive-light\/","title":{"rendered":"KIMONO LAGANINI OLIVE LIGHT"},"content":{"rendered":"<p><span style=\"font-weight: 400;\">Kimono Laganini, bademantil, ku\u0107na haljina, nazovite ga kako \u017eelite, mo\u017ee da se nosi na pla\u017ei, uz d\u017eins, uz \u0161orts, ili haljinu. Komad bez kog ne\u0107ete kretati u grad, bez kog ne\u0107ete piti kafu na terasi, i bez kog definitivno ne\u0107ete biti na pla\u017ei. Jednostavan za no\u0161enje, lagan i lepr\u0161av, on je va\u0161a nova letnja jakna.<\/span><\/p>\n<p>Materijal koji smo odabrali je viskoza 100%. Proizvedeno s ljubavlju u humanim radnim uslovima, s velikom pa\u017enjom posve\u0107enom detaljima, kroju i kvaliteti proizvoda.<\/p>\n<p>Proizvedeno u Srbiji.<\/p>","protected":false},"excerpt":{"rendered":"<p><span style=\"font-weight: 400;\">Kimono Laganini, bademantil, ku\u0107na haljina, nazovite ga kako \u017eelite, mo\u017ee da se nosi na pla\u017ei, uz d\u017eins, uz \u0161orts, ili haljinu.<\/span><\/p>","protected":false},"featured_media":56062,"comment_status":"open","ping_status":"closed","template":"","meta":{"_acf_changed":false},"product_brand":[],"product_cat":[206,76],"product_tag":[],"class_list":{"0":"post-56059","1":"product","2":"type-product","3":"status-publish","4":"has-post-thumbnail","6":"product_cat-kimono","7":"product_cat-novo","8":"pa_kolekcije-laganini","9":"pa_odaberi-velicinu-one-size","11":"first","12":"instock","13":"taxable","14":"shipping-taxable","15":"purchasable","16":"product-type-variable"},"acf":[],"_links":{"self":[{"href":"https:\/\/cozy2wear.com\/ba\/wp-json\/wp\/v2\/product\/56059","targetHints":{"allow":["GET"]}}],"collection":[{"href":"https:\/\/cozy2wear.com\/ba\/wp-json\/wp\/v2\/product"}],"about":[{"href":"https:\/\/cozy2wear.com\/ba\/wp-json\/wp\/v2\/types\/product"}],"replies":[{"embeddable":true,"href":"https:\/\/cozy2wear.com\/ba\/wp-json\/wp\/v2\/comments?post=56059"}],"version-history":[{"count":3,"href":"https:\/\/cozy2wear.com\/ba\/wp-json\/wp\/v2\/product\/56059\/revisions"}],"predecessor-version":[{"id":56072,"href":"https:\/\/cozy2wear.com\/ba\/wp-json\/wp\/v2\/product\/56059\/revisions\/56072"}],"wp:featuredmedia":[{"embeddable":true,"href":"https:\/\/cozy2wear.com\/ba\/wp-json\/wp\/v2\/media\/56062"}],"wp:attachment":[{"href":"https:\/\/cozy2wear.com\/ba\/wp-json\/wp\/v2\/media?parent=56059"}],"wp:term":[{"taxonomy":"product_brand","embeddable":true,"href":"https:\/\/cozy2wear.com\/ba\/wp-json\/wp\/v2\/product_brand?post=56059"},{"taxonomy":"product_cat","embeddable":true,"href":"https:\/\/cozy2wear.com\/ba\/wp-json\/wp\/v2\/product_cat?post=56059"},{"taxonomy":"product_tag","embeddable":true,"href":"https:\/\/cozy2wear.com\/ba\/wp-json\/wp\/v2\/product_tag?post=56059"}],"curies":[{"name":"wp","href":"https:\/\/api.w.org\/{rel}","templated":true}]}}