{"id":25551,"date":"2025-05-12T08:01:07","date_gmt":"2025-05-12T06:01:07","guid":{"rendered":"https:\/\/cozy2wear.com\/?post_type=product&#038;p=25551"},"modified":"2026-04-28T08:58:41","modified_gmt":"2026-04-28T06:58:41","slug":"pantalone-laganini-black","status":"publish","type":"product","link":"https:\/\/cozy2wear.com\/me\/pantalone\/pantalone-laganini-black\/","title":{"rendered":"PANTALONE LAGANINI BLACK"},"content":{"rendered":"<p><span style=\"font-weight: 400;\">Letnja verzija Palazzo trenerke, lagane pantalone od viskoze, savr\u0161ene za visoke temperature i vrele letnje no\u0107i. Precizno dizajnirane i proizvedene po najvi\u0161im standardima, pred vama su Palazzo pantalone sa prelepom siluetom koja je opu\u0161tenija u predelu bokova, i \u0161iri se skroz do poda. Duga\u010dkih nogavica, imaju visok struk sa lasti\u0161em, kose prednje d\u017eepove i po dve falte na prednjem delu. Mogu da se nose u kombinaciji sa majicom na bretele Laganini, a generalno se lako kombinuju sa svim letnjim gornjim delovima.\u00a0<\/span><\/p>\n<p>Materijal koji smo odabrali je 100% viskoza. Sa ljubavlju proizvedena pri humanim uslovima rada, i sa velikom pa\u017enjom posve\u0107enom detaljima, kroju i kvalitetu proizvoda.<\/p>\n<p>Devojka na fotografiji je visoka 170cm i nosi veli\u010dinu 36\/38 \u2013 za pomo\u0107 u odabiru veli\u010dina pogledajte dimenzije proizvoda.<\/p>\n<p>Proizvedeno u Srbiji.<\/p>","protected":false},"excerpt":{"rendered":"<p><span style=\"font-weight: 400;\">Letnja verzija Palazzo trenerke, lagane pantalone od viskoze, savr\u0161ene za visoke temperature i vrele letnje no\u0107i.<\/span><\/p>","protected":false},"featured_media":40027,"comment_status":"open","ping_status":"closed","template":"","meta":{"_acf_changed":false},"product_brand":[],"product_cat":[90,76],"product_tag":[],"class_list":{"0":"post-25551","1":"product","2":"type-product","3":"status-publish","4":"has-post-thumbnail","6":"product_cat-pantalone","7":"product_cat-novo","8":"pa_kolekcije-leto","9":"pa_odaberi-velicinu-241","10":"pa_odaberi-velicinu-125","11":"pa_odaberi-velicinu-3638tall","12":"pa_odaberi-velicinu-126","13":"pa_odaberi-velicinu-4042tall","14":"pa_odaberi-velicinu-131","15":"pa_odaberi-velicinu-4446tall","17":"first","18":"instock","19":"taxable","20":"shipping-taxable","21":"purchasable","22":"product-type-variable"},"acf":[],"_links":{"self":[{"href":"https:\/\/cozy2wear.com\/me\/wp-json\/wp\/v2\/product\/25551","targetHints":{"allow":["GET"]}}],"collection":[{"href":"https:\/\/cozy2wear.com\/me\/wp-json\/wp\/v2\/product"}],"about":[{"href":"https:\/\/cozy2wear.com\/me\/wp-json\/wp\/v2\/types\/product"}],"replies":[{"embeddable":true,"href":"https:\/\/cozy2wear.com\/me\/wp-json\/wp\/v2\/comments?post=25551"}],"version-history":[{"count":2,"href":"https:\/\/cozy2wear.com\/me\/wp-json\/wp\/v2\/product\/25551\/revisions"}],"predecessor-version":[{"id":55902,"href":"https:\/\/cozy2wear.com\/me\/wp-json\/wp\/v2\/product\/25551\/revisions\/55902"}],"wp:featuredmedia":[{"embeddable":true,"href":"https:\/\/cozy2wear.com\/me\/wp-json\/wp\/v2\/media\/40027"}],"wp:attachment":[{"href":"https:\/\/cozy2wear.com\/me\/wp-json\/wp\/v2\/media?parent=25551"}],"wp:term":[{"taxonomy":"product_brand","embeddable":true,"href":"https:\/\/cozy2wear.com\/me\/wp-json\/wp\/v2\/product_brand?post=25551"},{"taxonomy":"product_cat","embeddable":true,"href":"https:\/\/cozy2wear.com\/me\/wp-json\/wp\/v2\/product_cat?post=25551"},{"taxonomy":"product_tag","embeddable":true,"href":"https:\/\/cozy2wear.com\/me\/wp-json\/wp\/v2\/product_tag?post=25551"}],"curies":[{"name":"wp","href":"https:\/\/api.w.org\/{rel}","templated":true}]}}