{"id":25676,"date":"2025-05-12T08:02:00","date_gmt":"2025-05-12T06:02:00","guid":{"rendered":"https:\/\/cozy2wear.com\/?post_type=product&#038;p=25676"},"modified":"2026-04-06T11:58:01","modified_gmt":"2026-04-06T09:58:01","slug":"sorts-laganini-black","status":"publish","type":"product","link":"https:\/\/cozy2wear.com\/me\/sorcevi\/sorts-laganini-black\/","title":{"rendered":"\u0160ORTS LAGANINI BLACK"},"content":{"rendered":"<p>Letnji lagani \u0161orts od viskoze, savr\u0161en za visoke temperature i vrele letnje no\u0107i. Precizno dizajniran i proizveden po najvi\u0161im standardima. Ima visok struk sa lasti\u0161em, kose prednje d\u017eepove i po dve falte na prednjem delu. Mo\u017ee da se nosi u kombinaciji sa majicom na bretele Laganini, a generalno se lako kombinuje sa svim letnjim gornjim delovima.<\/p>\n<p>Materijal koji smo odabrali je 100% viskoza. Sa ljubavlju proizvedena pri humanim uslovima rada, i sa velikom pa\u017enjom posve\u0107enom detaljima, kroju i kvalitetu proizvoda.<\/p>\n<p>Devojka na fotografiji je visoka 170cm i nosi veli\u010dinu 36\/38 \u2013 za pomo\u0107 u odabiru veli\u010dina pogledajte dimenzije proizvoda.<\/p>\n<p>Proizvedeno u Srbiji.<\/p>","protected":false},"excerpt":{"rendered":"<p>Letnji lagani \u0161orts od viskoze, savr\u0161en za visoke temperature i vrele letnje no\u0107i.<\/p>","protected":false},"featured_media":40303,"comment_status":"open","ping_status":"closed","template":"","meta":{"_acf_changed":false},"product_brand":[],"product_cat":[92,279],"product_tag":[],"class_list":{"0":"post-25676","1":"product","2":"type-product","3":"status-publish","4":"has-post-thumbnail","6":"product_cat-sorcevi","7":"product_cat-outlet","8":"pa_kolekcije-leto","9":"pa_odaberi-velicinu-241","10":"pa_odaberi-velicinu-125","11":"pa_odaberi-velicinu-126","12":"pa_odaberi-velicinu-131","14":"first","15":"instock","16":"sale","17":"taxable","18":"shipping-taxable","19":"purchasable","20":"product-type-variable"},"acf":[],"_links":{"self":[{"href":"https:\/\/cozy2wear.com\/me\/wp-json\/wp\/v2\/product\/25676","targetHints":{"allow":["GET"]}}],"collection":[{"href":"https:\/\/cozy2wear.com\/me\/wp-json\/wp\/v2\/product"}],"about":[{"href":"https:\/\/cozy2wear.com\/me\/wp-json\/wp\/v2\/types\/product"}],"replies":[{"embeddable":true,"href":"https:\/\/cozy2wear.com\/me\/wp-json\/wp\/v2\/comments?post=25676"}],"version-history":[{"count":0,"href":"https:\/\/cozy2wear.com\/me\/wp-json\/wp\/v2\/product\/25676\/revisions"}],"wp:featuredmedia":[{"embeddable":true,"href":"https:\/\/cozy2wear.com\/me\/wp-json\/wp\/v2\/media\/40303"}],"wp:attachment":[{"href":"https:\/\/cozy2wear.com\/me\/wp-json\/wp\/v2\/media?parent=25676"}],"wp:term":[{"taxonomy":"product_brand","embeddable":true,"href":"https:\/\/cozy2wear.com\/me\/wp-json\/wp\/v2\/product_brand?post=25676"},{"taxonomy":"product_cat","embeddable":true,"href":"https:\/\/cozy2wear.com\/me\/wp-json\/wp\/v2\/product_cat?post=25676"},{"taxonomy":"product_tag","embeddable":true,"href":"https:\/\/cozy2wear.com\/me\/wp-json\/wp\/v2\/product_tag?post=25676"}],"curies":[{"name":"wp","href":"https:\/\/api.w.org\/{rel}","templated":true}]}}